{"id":2189,"date":"2019-05-14T08:40:36","date_gmt":"2019-05-14T06:40:36","guid":{"rendered":"https:\/\/www.tdh-valais.ch\/aider\/"},"modified":"2026-02-02T09:21:10","modified_gmt":"2026-02-02T08:21:10","slug":"help","status":"publish","type":"page","link":"https:\/\/www.tdh-valais.ch\/en\/help\/","title":{"rendered":"Help"},"content":{"rendered":"","protected":false},"excerpt":{"rendered":"<p>Together we save lives. <\/p>\n","protected":false},"author":1,"featured_media":4128,"parent":0,"menu_order":0,"comment_status":"closed","ping_status":"closed","template":"template-help-us.php","meta":{"_acf_changed":false,"footnotes":""},"class_list":["post-2189","page","type-page","status-publish","has-post-thumbnail","hentry"],"acf":[],"yoast_head":"<!-- This site is optimized with the Yoast SEO Premium plugin v27.4 (Yoast SEO v27.4) - https:\/\/yoast.com\/product\/yoast-seo-premium-wordpress\/ -->\n<title>Help - Maison de Terre des hommes - Help the children<\/title>\n<meta name=\"description\" content=\"Your help is vital. Discover how you can help us save children in need by making a donation, donating goods or becoming a volunteer.\" \/>\n<meta name=\"robots\" content=\"index, follow, max-snippet:-1, max-image-preview:large, max-video-preview:-1\" \/>\n<link rel=\"canonical\" href=\"https:\/\/www.tdh-valais.ch\/en\/help\/\" \/>\n<meta property=\"og:locale\" content=\"en_US\" \/>\n<meta property=\"og:type\" content=\"article\" \/>\n<meta property=\"og:title\" content=\"Help\" \/>\n<meta property=\"og:description\" content=\"Your help is vital. Discover how you can help us save children in need by making a donation, donating goods or becoming a volunteer.\" \/>\n<meta property=\"og:url\" content=\"https:\/\/www.tdh-valais.ch\/en\/help\/\" \/>\n<meta property=\"og:site_name\" content=\"Maison de Terre des hommes\" \/>\n<meta property=\"article:modified_time\" content=\"2026-02-02T08:21:10+00:00\" \/>\n<meta property=\"og:image\" content=\"https:\/\/www.tdh-valais.ch\/wp-content\/uploads\/2021\/04\/1.jpg\" \/>\n\t<meta property=\"og:image:width\" content=\"180\" \/>\n\t<meta property=\"og:image:height\" content=\"350\" \/>\n\t<meta property=\"og:image:type\" content=\"image\/jpeg\" \/>\n<meta name=\"twitter:card\" content=\"summary_large_image\" \/>\n<meta name=\"twitter:label1\" content=\"Est. reading time\" \/>\n\t<meta name=\"twitter:data1\" content=\"1 minute\" \/>\n<script type=\"application\/ld+json\" class=\"yoast-schema-graph\">{\"@context\":\"https:\\\/\\\/schema.org\",\"@graph\":[{\"@type\":\"WebPage\",\"@id\":\"https:\\\/\\\/www.tdh-valais.ch\\\/en\\\/help\\\/\",\"url\":\"https:\\\/\\\/www.tdh-valais.ch\\\/en\\\/help\\\/\",\"name\":\"Help - Maison de Terre des hommes - Help the children\",\"isPartOf\":{\"@id\":\"https:\\\/\\\/www.tdh-valais.ch\\\/#website\"},\"primaryImageOfPage\":{\"@id\":\"https:\\\/\\\/www.tdh-valais.ch\\\/en\\\/help\\\/#primaryimage\"},\"image\":{\"@id\":\"https:\\\/\\\/www.tdh-valais.ch\\\/en\\\/help\\\/#primaryimage\"},\"thumbnailUrl\":\"https:\\\/\\\/www.tdh-valais.ch\\\/wp-content\\\/uploads\\\/2021\\\/04\\\/1.jpg\",\"datePublished\":\"2019-05-14T06:40:36+00:00\",\"dateModified\":\"2026-02-02T08:21:10+00:00\",\"description\":\"Your help is vital. Discover how you can help us save children in need by making a donation, donating goods or becoming a volunteer.\",\"breadcrumb\":{\"@id\":\"https:\\\/\\\/www.tdh-valais.ch\\\/en\\\/help\\\/#breadcrumb\"},\"inLanguage\":\"en-US\",\"potentialAction\":[{\"@type\":\"ReadAction\",\"target\":[\"https:\\\/\\\/www.tdh-valais.ch\\\/en\\\/help\\\/\"]}]},{\"@type\":\"ImageObject\",\"inLanguage\":\"en-US\",\"@id\":\"https:\\\/\\\/www.tdh-valais.ch\\\/en\\\/help\\\/#primaryimage\",\"url\":\"https:\\\/\\\/www.tdh-valais.ch\\\/wp-content\\\/uploads\\\/2021\\\/04\\\/1.jpg\",\"contentUrl\":\"https:\\\/\\\/www.tdh-valais.ch\\\/wp-content\\\/uploads\\\/2021\\\/04\\\/1.jpg\",\"width\":180,\"height\":350,\"caption\":\"Educatrice avec un enfant\"},{\"@type\":\"BreadcrumbList\",\"@id\":\"https:\\\/\\\/www.tdh-valais.ch\\\/en\\\/help\\\/#breadcrumb\",\"itemListElement\":[{\"@type\":\"ListItem\",\"position\":1,\"name\":\"Home\",\"item\":\"https:\\\/\\\/www.tdh-valais.ch\\\/en\\\/\"},{\"@type\":\"ListItem\",\"position\":2,\"name\":\"Help\"}]},{\"@type\":\"WebSite\",\"@id\":\"https:\\\/\\\/www.tdh-valais.ch\\\/#website\",\"url\":\"https:\\\/\\\/www.tdh-valais.ch\\\/\",\"name\":\"Maison de Terre des hommes\",\"description\":\"La Maison de Terre des hommes \u00e0 Massongex est un home m\u00e9dicalis\u00e9 qui accueilles des enfants malades venus se faire soigner en Suisse.\",\"publisher\":{\"@id\":\"https:\\\/\\\/www.tdh-valais.ch\\\/#organization\"},\"potentialAction\":[{\"@type\":\"SearchAction\",\"target\":{\"@type\":\"EntryPoint\",\"urlTemplate\":\"https:\\\/\\\/www.tdh-valais.ch\\\/?s={search_term_string}\"},\"query-input\":{\"@type\":\"PropertyValueSpecification\",\"valueRequired\":true,\"valueName\":\"search_term_string\"}}],\"inLanguage\":\"en-US\"},{\"@type\":\"Organization\",\"@id\":\"https:\\\/\\\/www.tdh-valais.ch\\\/#organization\",\"name\":\"Maison de Terre des hommes Valais\",\"url\":\"https:\\\/\\\/www.tdh-valais.ch\\\/\",\"logo\":{\"@type\":\"ImageObject\",\"inLanguage\":\"en-US\",\"@id\":\"https:\\\/\\\/www.tdh-valais.ch\\\/#\\\/schema\\\/logo\\\/image\\\/\",\"url\":\"https:\\\/\\\/www.tdh-valais.ch\\\/wp-content\\\/uploads\\\/2019\\\/09\\\/logo.png\",\"contentUrl\":\"https:\\\/\\\/www.tdh-valais.ch\\\/wp-content\\\/uploads\\\/2019\\\/09\\\/logo.png\",\"width\":165,\"height\":104,\"caption\":\"Maison de Terre des hommes Valais\"},\"image\":{\"@id\":\"https:\\\/\\\/www.tdh-valais.ch\\\/#\\\/schema\\\/logo\\\/image\\\/\"}}]}<\/script>\n<!-- \/ Yoast SEO Premium plugin. -->","yoast_head_json":{"title":"Help - Maison de Terre des hommes - Help the children","description":"Your help is vital. Discover how you can help us save children in need by making a donation, donating goods or becoming a volunteer.","robots":{"index":"index","follow":"follow","max-snippet":"max-snippet:-1","max-image-preview":"max-image-preview:large","max-video-preview":"max-video-preview:-1"},"canonical":"https:\/\/www.tdh-valais.ch\/en\/help\/","og_locale":"en_US","og_type":"article","og_title":"Help","og_description":"Your help is vital. Discover how you can help us save children in need by making a donation, donating goods or becoming a volunteer.","og_url":"https:\/\/www.tdh-valais.ch\/en\/help\/","og_site_name":"Maison de Terre des hommes","article_modified_time":"2026-02-02T08:21:10+00:00","og_image":[{"width":180,"height":350,"url":"https:\/\/www.tdh-valais.ch\/wp-content\/uploads\/2021\/04\/1.jpg","type":"image\/jpeg"}],"twitter_card":"summary_large_image","twitter_misc":{"Est. reading time":"1 minute"},"schema":{"@context":"https:\/\/schema.org","@graph":[{"@type":"WebPage","@id":"https:\/\/www.tdh-valais.ch\/en\/help\/","url":"https:\/\/www.tdh-valais.ch\/en\/help\/","name":"Help - Maison de Terre des hommes - Help the children","isPartOf":{"@id":"https:\/\/www.tdh-valais.ch\/#website"},"primaryImageOfPage":{"@id":"https:\/\/www.tdh-valais.ch\/en\/help\/#primaryimage"},"image":{"@id":"https:\/\/www.tdh-valais.ch\/en\/help\/#primaryimage"},"thumbnailUrl":"https:\/\/www.tdh-valais.ch\/wp-content\/uploads\/2021\/04\/1.jpg","datePublished":"2019-05-14T06:40:36+00:00","dateModified":"2026-02-02T08:21:10+00:00","description":"Your help is vital. Discover how you can help us save children in need by making a donation, donating goods or becoming a volunteer.","breadcrumb":{"@id":"https:\/\/www.tdh-valais.ch\/en\/help\/#breadcrumb"},"inLanguage":"en-US","potentialAction":[{"@type":"ReadAction","target":["https:\/\/www.tdh-valais.ch\/en\/help\/"]}]},{"@type":"ImageObject","inLanguage":"en-US","@id":"https:\/\/www.tdh-valais.ch\/en\/help\/#primaryimage","url":"https:\/\/www.tdh-valais.ch\/wp-content\/uploads\/2021\/04\/1.jpg","contentUrl":"https:\/\/www.tdh-valais.ch\/wp-content\/uploads\/2021\/04\/1.jpg","width":180,"height":350,"caption":"Educatrice avec un enfant"},{"@type":"BreadcrumbList","@id":"https:\/\/www.tdh-valais.ch\/en\/help\/#breadcrumb","itemListElement":[{"@type":"ListItem","position":1,"name":"Home","item":"https:\/\/www.tdh-valais.ch\/en\/"},{"@type":"ListItem","position":2,"name":"Help"}]},{"@type":"WebSite","@id":"https:\/\/www.tdh-valais.ch\/#website","url":"https:\/\/www.tdh-valais.ch\/","name":"Maison de Terre des hommes","description":"La Maison de Terre des hommes \u00e0 Massongex est un home m\u00e9dicalis\u00e9 qui accueilles des enfants malades venus se faire soigner en Suisse.","publisher":{"@id":"https:\/\/www.tdh-valais.ch\/#organization"},"potentialAction":[{"@type":"SearchAction","target":{"@type":"EntryPoint","urlTemplate":"https:\/\/www.tdh-valais.ch\/?s={search_term_string}"},"query-input":{"@type":"PropertyValueSpecification","valueRequired":true,"valueName":"search_term_string"}}],"inLanguage":"en-US"},{"@type":"Organization","@id":"https:\/\/www.tdh-valais.ch\/#organization","name":"Maison de Terre des hommes Valais","url":"https:\/\/www.tdh-valais.ch\/","logo":{"@type":"ImageObject","inLanguage":"en-US","@id":"https:\/\/www.tdh-valais.ch\/#\/schema\/logo\/image\/","url":"https:\/\/www.tdh-valais.ch\/wp-content\/uploads\/2019\/09\/logo.png","contentUrl":"https:\/\/www.tdh-valais.ch\/wp-content\/uploads\/2019\/09\/logo.png","width":165,"height":104,"caption":"Maison de Terre des hommes Valais"},"image":{"@id":"https:\/\/www.tdh-valais.ch\/#\/schema\/logo\/image\/"}}]}},"_links":{"self":[{"href":"https:\/\/www.tdh-valais.ch\/en\/wp-json\/wp\/v2\/pages\/2189","targetHints":{"allow":["GET"]}}],"collection":[{"href":"https:\/\/www.tdh-valais.ch\/en\/wp-json\/wp\/v2\/pages"}],"about":[{"href":"https:\/\/www.tdh-valais.ch\/en\/wp-json\/wp\/v2\/types\/page"}],"author":[{"embeddable":true,"href":"https:\/\/www.tdh-valais.ch\/en\/wp-json\/wp\/v2\/users\/1"}],"replies":[{"embeddable":true,"href":"https:\/\/www.tdh-valais.ch\/en\/wp-json\/wp\/v2\/comments?post=2189"}],"version-history":[{"count":5,"href":"https:\/\/www.tdh-valais.ch\/en\/wp-json\/wp\/v2\/pages\/2189\/revisions"}],"predecessor-version":[{"id":13170,"href":"https:\/\/www.tdh-valais.ch\/en\/wp-json\/wp\/v2\/pages\/2189\/revisions\/13170"}],"wp:featuredmedia":[{"embeddable":true,"href":"https:\/\/www.tdh-valais.ch\/en\/wp-json\/wp\/v2\/media\/4128"}],"wp:attachment":[{"href":"https:\/\/www.tdh-valais.ch\/en\/wp-json\/wp\/v2\/media?parent=2189"}],"curies":[{"name":"wp","href":"https:\/\/api.w.org\/{rel}","templated":true}]}}