{"id":2182,"date":"2019-05-15T14:21:54","date_gmt":"2019-05-15T12:21:54","guid":{"rendered":"https:\/\/www.tdh-valais.ch\/articles\/"},"modified":"2020-08-25T11:52:20","modified_gmt":"2020-08-25T09:52:20","slug":"articles","status":"publish","type":"page","link":"https:\/\/www.tdh-valais.ch\/en\/articles\/","title":{"rendered":"Articles"},"content":{"rendered":"","protected":false},"excerpt":{"rendered":"","protected":false},"author":1,"featured_media":5566,"parent":0,"menu_order":0,"comment_status":"closed","ping_status":"closed","template":"template-articles.php","meta":{"_acf_changed":false,"footnotes":""},"class_list":["post-2182","page","type-page","status-publish","has-post-thumbnail","hentry"],"acf":[],"yoast_head":"<!-- This site is optimized with the Yoast SEO Premium plugin v26.9 (Yoast SEO v26.9) - https:\/\/yoast.com\/product\/yoast-seo-premium-wordpress\/ -->\n<title>Articles - Maison de Terre des hommes - Discover our latest news!<\/title>\n<meta name=\"description\" content=\"Testimonies, interviews, stories and more! Browse through the latest news of the children of La Maison de Terre des hommes.\" \/>\n<meta name=\"robots\" content=\"index, follow, max-snippet:-1, max-image-preview:large, max-video-preview:-1\" \/>\n<link rel=\"canonical\" href=\"https:\/\/www.tdh-valais.ch\/en\/articles\/\" \/>\n<meta property=\"og:locale\" content=\"en_US\" \/>\n<meta property=\"og:type\" content=\"article\" \/>\n<meta property=\"og:title\" content=\"Articles\" \/>\n<meta property=\"og:description\" content=\"Testimonies, interviews, stories and more! Browse through the latest news of the children of La Maison de Terre des hommes.\" \/>\n<meta property=\"og:url\" content=\"https:\/\/www.tdh-valais.ch\/en\/articles\/\" \/>\n<meta property=\"og:site_name\" content=\"Maison de Terre des hommes\" \/>\n<meta property=\"article:modified_time\" content=\"2020-08-25T09:52:20+00:00\" \/>\n<meta name=\"twitter:card\" content=\"summary_large_image\" \/>\n<script type=\"application\/ld+json\" class=\"yoast-schema-graph\">{\"@context\":\"https:\/\/schema.org\",\"@graph\":[{\"@type\":\"WebPage\",\"@id\":\"https:\/\/www.tdh-valais.ch\/en\/articles\/\",\"url\":\"https:\/\/www.tdh-valais.ch\/en\/articles\/\",\"name\":\"Articles - Maison de Terre des hommes - Discover our latest news!\",\"isPartOf\":{\"@id\":\"https:\/\/www.tdh-valais.ch\/#website\"},\"primaryImageOfPage\":{\"@id\":\"https:\/\/www.tdh-valais.ch\/en\/articles\/#primaryimage\"},\"image\":{\"@id\":\"https:\/\/www.tdh-valais.ch\/en\/articles\/#primaryimage\"},\"thumbnailUrl\":\"https:\/\/www.tdh-valais.ch\/wp-content\/uploads\/2022\/09\/j169_p6-8_mamadou_enfant-1-scaled.jpeg\",\"datePublished\":\"2019-05-15T12:21:54+00:00\",\"dateModified\":\"2020-08-25T09:52:20+00:00\",\"description\":\"Testimonies, interviews, stories and more! Browse through the latest news of the children of La Maison de Terre des hommes.\",\"breadcrumb\":{\"@id\":\"https:\/\/www.tdh-valais.ch\/en\/articles\/#breadcrumb\"},\"inLanguage\":\"en-US\",\"potentialAction\":[{\"@type\":\"ReadAction\",\"target\":[\"https:\/\/www.tdh-valais.ch\/en\/articles\/\"]}]},{\"@type\":\"ImageObject\",\"inLanguage\":\"en-US\",\"@id\":\"https:\/\/www.tdh-valais.ch\/en\/articles\/#primaryimage\",\"url\":\"https:\/\/www.tdh-valais.ch\/wp-content\/uploads\/2022\/09\/j169_p6-8_mamadou_enfant-1-scaled.jpeg\",\"contentUrl\":\"https:\/\/www.tdh-valais.ch\/wp-content\/uploads\/2022\/09\/j169_p6-8_mamadou_enfant-1-scaled.jpeg\",\"width\":2880,\"height\":2160},{\"@type\":\"BreadcrumbList\",\"@id\":\"https:\/\/www.tdh-valais.ch\/en\/articles\/#breadcrumb\",\"itemListElement\":[{\"@type\":\"ListItem\",\"position\":1,\"name\":\"Home\",\"item\":\"https:\/\/www.tdh-valais.ch\/en\/\"},{\"@type\":\"ListItem\",\"position\":2,\"name\":\"Articles\"}]},{\"@type\":\"WebSite\",\"@id\":\"https:\/\/www.tdh-valais.ch\/#website\",\"url\":\"https:\/\/www.tdh-valais.ch\/\",\"name\":\"Maison de Terre des hommes\",\"description\":\"La Maison de Terre des hommes \u00e0 Massongex est un home m\u00e9dicalis\u00e9 qui accueilles des enfants malades venus se faire soigner en Suisse.\",\"publisher\":{\"@id\":\"https:\/\/www.tdh-valais.ch\/#organization\"},\"potentialAction\":[{\"@type\":\"SearchAction\",\"target\":{\"@type\":\"EntryPoint\",\"urlTemplate\":\"https:\/\/www.tdh-valais.ch\/?s={search_term_string}\"},\"query-input\":{\"@type\":\"PropertyValueSpecification\",\"valueRequired\":true,\"valueName\":\"search_term_string\"}}],\"inLanguage\":\"en-US\"},{\"@type\":\"Organization\",\"@id\":\"https:\/\/www.tdh-valais.ch\/#organization\",\"name\":\"Maison de Terre des hommes Valais\",\"url\":\"https:\/\/www.tdh-valais.ch\/\",\"logo\":{\"@type\":\"ImageObject\",\"inLanguage\":\"en-US\",\"@id\":\"https:\/\/www.tdh-valais.ch\/#\/schema\/logo\/image\/\",\"url\":\"https:\/\/www.tdh-valais.ch\/wp-content\/uploads\/2019\/09\/logo.png\",\"contentUrl\":\"https:\/\/www.tdh-valais.ch\/wp-content\/uploads\/2019\/09\/logo.png\",\"width\":165,\"height\":104,\"caption\":\"Maison de Terre des hommes Valais\"},\"image\":{\"@id\":\"https:\/\/www.tdh-valais.ch\/#\/schema\/logo\/image\/\"}}]}<\/script>\n<!-- \/ Yoast SEO Premium plugin. -->","yoast_head_json":{"title":"Articles - Maison de Terre des hommes - Discover our latest news!","description":"Testimonies, interviews, stories and more! Browse through the latest news of the children of La Maison de Terre des hommes.","robots":{"index":"index","follow":"follow","max-snippet":"max-snippet:-1","max-image-preview":"max-image-preview:large","max-video-preview":"max-video-preview:-1"},"canonical":"https:\/\/www.tdh-valais.ch\/en\/articles\/","og_locale":"en_US","og_type":"article","og_title":"Articles","og_description":"Testimonies, interviews, stories and more! Browse through the latest news of the children of La Maison de Terre des hommes.","og_url":"https:\/\/www.tdh-valais.ch\/en\/articles\/","og_site_name":"Maison de Terre des hommes","article_modified_time":"2020-08-25T09:52:20+00:00","twitter_card":"summary_large_image","schema":{"@context":"https:\/\/schema.org","@graph":[{"@type":"WebPage","@id":"https:\/\/www.tdh-valais.ch\/en\/articles\/","url":"https:\/\/www.tdh-valais.ch\/en\/articles\/","name":"Articles - Maison de Terre des hommes - Discover our latest news!","isPartOf":{"@id":"https:\/\/www.tdh-valais.ch\/#website"},"primaryImageOfPage":{"@id":"https:\/\/www.tdh-valais.ch\/en\/articles\/#primaryimage"},"image":{"@id":"https:\/\/www.tdh-valais.ch\/en\/articles\/#primaryimage"},"thumbnailUrl":"https:\/\/www.tdh-valais.ch\/wp-content\/uploads\/2022\/09\/j169_p6-8_mamadou_enfant-1-scaled.jpeg","datePublished":"2019-05-15T12:21:54+00:00","dateModified":"2020-08-25T09:52:20+00:00","description":"Testimonies, interviews, stories and more! Browse through the latest news of the children of La Maison de Terre des hommes.","breadcrumb":{"@id":"https:\/\/www.tdh-valais.ch\/en\/articles\/#breadcrumb"},"inLanguage":"en-US","potentialAction":[{"@type":"ReadAction","target":["https:\/\/www.tdh-valais.ch\/en\/articles\/"]}]},{"@type":"ImageObject","inLanguage":"en-US","@id":"https:\/\/www.tdh-valais.ch\/en\/articles\/#primaryimage","url":"https:\/\/www.tdh-valais.ch\/wp-content\/uploads\/2022\/09\/j169_p6-8_mamadou_enfant-1-scaled.jpeg","contentUrl":"https:\/\/www.tdh-valais.ch\/wp-content\/uploads\/2022\/09\/j169_p6-8_mamadou_enfant-1-scaled.jpeg","width":2880,"height":2160},{"@type":"BreadcrumbList","@id":"https:\/\/www.tdh-valais.ch\/en\/articles\/#breadcrumb","itemListElement":[{"@type":"ListItem","position":1,"name":"Home","item":"https:\/\/www.tdh-valais.ch\/en\/"},{"@type":"ListItem","position":2,"name":"Articles"}]},{"@type":"WebSite","@id":"https:\/\/www.tdh-valais.ch\/#website","url":"https:\/\/www.tdh-valais.ch\/","name":"Maison de Terre des hommes","description":"La Maison de Terre des hommes \u00e0 Massongex est un home m\u00e9dicalis\u00e9 qui accueilles des enfants malades venus se faire soigner en Suisse.","publisher":{"@id":"https:\/\/www.tdh-valais.ch\/#organization"},"potentialAction":[{"@type":"SearchAction","target":{"@type":"EntryPoint","urlTemplate":"https:\/\/www.tdh-valais.ch\/?s={search_term_string}"},"query-input":{"@type":"PropertyValueSpecification","valueRequired":true,"valueName":"search_term_string"}}],"inLanguage":"en-US"},{"@type":"Organization","@id":"https:\/\/www.tdh-valais.ch\/#organization","name":"Maison de Terre des hommes Valais","url":"https:\/\/www.tdh-valais.ch\/","logo":{"@type":"ImageObject","inLanguage":"en-US","@id":"https:\/\/www.tdh-valais.ch\/#\/schema\/logo\/image\/","url":"https:\/\/www.tdh-valais.ch\/wp-content\/uploads\/2019\/09\/logo.png","contentUrl":"https:\/\/www.tdh-valais.ch\/wp-content\/uploads\/2019\/09\/logo.png","width":165,"height":104,"caption":"Maison de Terre des hommes Valais"},"image":{"@id":"https:\/\/www.tdh-valais.ch\/#\/schema\/logo\/image\/"}}]}},"_links":{"self":[{"href":"https:\/\/www.tdh-valais.ch\/en\/wp-json\/wp\/v2\/pages\/2182","targetHints":{"allow":["GET"]}}],"collection":[{"href":"https:\/\/www.tdh-valais.ch\/en\/wp-json\/wp\/v2\/pages"}],"about":[{"href":"https:\/\/www.tdh-valais.ch\/en\/wp-json\/wp\/v2\/types\/page"}],"author":[{"embeddable":true,"href":"https:\/\/www.tdh-valais.ch\/en\/wp-json\/wp\/v2\/users\/1"}],"replies":[{"embeddable":true,"href":"https:\/\/www.tdh-valais.ch\/en\/wp-json\/wp\/v2\/comments?post=2182"}],"version-history":[{"count":2,"href":"https:\/\/www.tdh-valais.ch\/en\/wp-json\/wp\/v2\/pages\/2182\/revisions"}],"predecessor-version":[{"id":2712,"href":"https:\/\/www.tdh-valais.ch\/en\/wp-json\/wp\/v2\/pages\/2182\/revisions\/2712"}],"wp:featuredmedia":[{"embeddable":true,"href":"https:\/\/www.tdh-valais.ch\/en\/wp-json\/wp\/v2\/media\/5566"}],"wp:attachment":[{"href":"https:\/\/www.tdh-valais.ch\/en\/wp-json\/wp\/v2\/media?parent=2182"}],"curies":[{"name":"wp","href":"https:\/\/api.w.org\/{rel}","templated":true}]}}