{"id":2001,"date":"2019-05-13T14:13:25","date_gmt":"2019-05-13T12:13:25","guid":{"rendered":"https:\/\/www.tdh-valais.ch\/benevolat\/"},"modified":"2025-09-15T11:30:30","modified_gmt":"2025-09-15T09:30:30","slug":"volunteering","status":"publish","type":"page","link":"https:\/\/www.tdh-valais.ch\/en\/volunteering\/","title":{"rendered":"Volunteering"},"content":{"rendered":"","protected":false},"excerpt":{"rendered":"","protected":false},"author":1,"featured_media":0,"parent":0,"menu_order":0,"comment_status":"closed","ping_status":"closed","template":"template-volunteering.php","meta":{"_acf_changed":false,"footnotes":""},"class_list":["post-2001","page","type-page","status-publish","hentry"],"acf":[],"yoast_head":"<!-- This site is optimized with the Yoast SEO Premium plugin v26.9 (Yoast SEO v26.9) - https:\/\/yoast.com\/product\/yoast-seo-premium-wordpress\/ -->\n<title>Volunteering - Maison de Terre des hommes - Become a volunteer<\/title>\n<meta name=\"description\" content=\"Learn about the volunteering activities for the children of La Maison. Sign up using our online form to help us change children&#039;s lives.\" \/>\n<meta name=\"robots\" content=\"index, follow, max-snippet:-1, max-image-preview:large, max-video-preview:-1\" \/>\n<link rel=\"canonical\" href=\"https:\/\/www.tdh-valais.ch\/en\/volunteering\/\" \/>\n<meta property=\"og:locale\" content=\"en_US\" \/>\n<meta property=\"og:type\" content=\"article\" \/>\n<meta property=\"og:title\" content=\"Volunteering\" \/>\n<meta property=\"og:description\" content=\"Learn about the volunteering activities for the children of La Maison. Sign up using our online form to help us change children&#039;s lives.\" \/>\n<meta property=\"og:url\" content=\"https:\/\/www.tdh-valais.ch\/en\/volunteering\/\" \/>\n<meta property=\"og:site_name\" content=\"Maison de Terre des hommes\" \/>\n<meta property=\"article:modified_time\" content=\"2025-09-15T09:30:30+00:00\" \/>\n<meta name=\"twitter:card\" content=\"summary_large_image\" \/>\n<script type=\"application\/ld+json\" class=\"yoast-schema-graph\">{\"@context\":\"https:\/\/schema.org\",\"@graph\":[{\"@type\":\"WebPage\",\"@id\":\"https:\/\/www.tdh-valais.ch\/en\/volunteering\/\",\"url\":\"https:\/\/www.tdh-valais.ch\/en\/volunteering\/\",\"name\":\"Volunteering - Maison de Terre des hommes - Become a volunteer\",\"isPartOf\":{\"@id\":\"https:\/\/www.tdh-valais.ch\/#website\"},\"datePublished\":\"2019-05-13T12:13:25+00:00\",\"dateModified\":\"2025-09-15T09:30:30+00:00\",\"description\":\"Learn about the volunteering activities for the children of La Maison. Sign up using our online form to help us change children's lives.\",\"breadcrumb\":{\"@id\":\"https:\/\/www.tdh-valais.ch\/en\/volunteering\/#breadcrumb\"},\"inLanguage\":\"en-US\",\"potentialAction\":[{\"@type\":\"ReadAction\",\"target\":[\"https:\/\/www.tdh-valais.ch\/en\/volunteering\/\"]}]},{\"@type\":\"BreadcrumbList\",\"@id\":\"https:\/\/www.tdh-valais.ch\/en\/volunteering\/#breadcrumb\",\"itemListElement\":[{\"@type\":\"ListItem\",\"position\":1,\"name\":\"Home\",\"item\":\"https:\/\/www.tdh-valais.ch\/en\/\"},{\"@type\":\"ListItem\",\"position\":2,\"name\":\"Volunteering\"}]},{\"@type\":\"WebSite\",\"@id\":\"https:\/\/www.tdh-valais.ch\/#website\",\"url\":\"https:\/\/www.tdh-valais.ch\/\",\"name\":\"Maison de Terre des hommes\",\"description\":\"La Maison de Terre des hommes \u00e0 Massongex est un home m\u00e9dicalis\u00e9 qui accueilles des enfants malades venus se faire soigner en Suisse.\",\"publisher\":{\"@id\":\"https:\/\/www.tdh-valais.ch\/#organization\"},\"potentialAction\":[{\"@type\":\"SearchAction\",\"target\":{\"@type\":\"EntryPoint\",\"urlTemplate\":\"https:\/\/www.tdh-valais.ch\/?s={search_term_string}\"},\"query-input\":{\"@type\":\"PropertyValueSpecification\",\"valueRequired\":true,\"valueName\":\"search_term_string\"}}],\"inLanguage\":\"en-US\"},{\"@type\":\"Organization\",\"@id\":\"https:\/\/www.tdh-valais.ch\/#organization\",\"name\":\"Maison de Terre des hommes Valais\",\"url\":\"https:\/\/www.tdh-valais.ch\/\",\"logo\":{\"@type\":\"ImageObject\",\"inLanguage\":\"en-US\",\"@id\":\"https:\/\/www.tdh-valais.ch\/#\/schema\/logo\/image\/\",\"url\":\"https:\/\/www.tdh-valais.ch\/wp-content\/uploads\/2019\/09\/logo.png\",\"contentUrl\":\"https:\/\/www.tdh-valais.ch\/wp-content\/uploads\/2019\/09\/logo.png\",\"width\":165,\"height\":104,\"caption\":\"Maison de Terre des hommes Valais\"},\"image\":{\"@id\":\"https:\/\/www.tdh-valais.ch\/#\/schema\/logo\/image\/\"}}]}<\/script>\n<!-- \/ Yoast SEO Premium plugin. -->","yoast_head_json":{"title":"Volunteering - Maison de Terre des hommes - Become a volunteer","description":"Learn about the volunteering activities for the children of La Maison. Sign up using our online form to help us change children's lives.","robots":{"index":"index","follow":"follow","max-snippet":"max-snippet:-1","max-image-preview":"max-image-preview:large","max-video-preview":"max-video-preview:-1"},"canonical":"https:\/\/www.tdh-valais.ch\/en\/volunteering\/","og_locale":"en_US","og_type":"article","og_title":"Volunteering","og_description":"Learn about the volunteering activities for the children of La Maison. Sign up using our online form to help us change children's lives.","og_url":"https:\/\/www.tdh-valais.ch\/en\/volunteering\/","og_site_name":"Maison de Terre des hommes","article_modified_time":"2025-09-15T09:30:30+00:00","twitter_card":"summary_large_image","schema":{"@context":"https:\/\/schema.org","@graph":[{"@type":"WebPage","@id":"https:\/\/www.tdh-valais.ch\/en\/volunteering\/","url":"https:\/\/www.tdh-valais.ch\/en\/volunteering\/","name":"Volunteering - Maison de Terre des hommes - Become a volunteer","isPartOf":{"@id":"https:\/\/www.tdh-valais.ch\/#website"},"datePublished":"2019-05-13T12:13:25+00:00","dateModified":"2025-09-15T09:30:30+00:00","description":"Learn about the volunteering activities for the children of La Maison. Sign up using our online form to help us change children's lives.","breadcrumb":{"@id":"https:\/\/www.tdh-valais.ch\/en\/volunteering\/#breadcrumb"},"inLanguage":"en-US","potentialAction":[{"@type":"ReadAction","target":["https:\/\/www.tdh-valais.ch\/en\/volunteering\/"]}]},{"@type":"BreadcrumbList","@id":"https:\/\/www.tdh-valais.ch\/en\/volunteering\/#breadcrumb","itemListElement":[{"@type":"ListItem","position":1,"name":"Home","item":"https:\/\/www.tdh-valais.ch\/en\/"},{"@type":"ListItem","position":2,"name":"Volunteering"}]},{"@type":"WebSite","@id":"https:\/\/www.tdh-valais.ch\/#website","url":"https:\/\/www.tdh-valais.ch\/","name":"Maison de Terre des hommes","description":"La Maison de Terre des hommes \u00e0 Massongex est un home m\u00e9dicalis\u00e9 qui accueilles des enfants malades venus se faire soigner en Suisse.","publisher":{"@id":"https:\/\/www.tdh-valais.ch\/#organization"},"potentialAction":[{"@type":"SearchAction","target":{"@type":"EntryPoint","urlTemplate":"https:\/\/www.tdh-valais.ch\/?s={search_term_string}"},"query-input":{"@type":"PropertyValueSpecification","valueRequired":true,"valueName":"search_term_string"}}],"inLanguage":"en-US"},{"@type":"Organization","@id":"https:\/\/www.tdh-valais.ch\/#organization","name":"Maison de Terre des hommes Valais","url":"https:\/\/www.tdh-valais.ch\/","logo":{"@type":"ImageObject","inLanguage":"en-US","@id":"https:\/\/www.tdh-valais.ch\/#\/schema\/logo\/image\/","url":"https:\/\/www.tdh-valais.ch\/wp-content\/uploads\/2019\/09\/logo.png","contentUrl":"https:\/\/www.tdh-valais.ch\/wp-content\/uploads\/2019\/09\/logo.png","width":165,"height":104,"caption":"Maison de Terre des hommes Valais"},"image":{"@id":"https:\/\/www.tdh-valais.ch\/#\/schema\/logo\/image\/"}}]}},"_links":{"self":[{"href":"https:\/\/www.tdh-valais.ch\/en\/wp-json\/wp\/v2\/pages\/2001","targetHints":{"allow":["GET"]}}],"collection":[{"href":"https:\/\/www.tdh-valais.ch\/en\/wp-json\/wp\/v2\/pages"}],"about":[{"href":"https:\/\/www.tdh-valais.ch\/en\/wp-json\/wp\/v2\/types\/page"}],"author":[{"embeddable":true,"href":"https:\/\/www.tdh-valais.ch\/en\/wp-json\/wp\/v2\/users\/1"}],"replies":[{"embeddable":true,"href":"https:\/\/www.tdh-valais.ch\/en\/wp-json\/wp\/v2\/comments?post=2001"}],"version-history":[{"count":5,"href":"https:\/\/www.tdh-valais.ch\/en\/wp-json\/wp\/v2\/pages\/2001\/revisions"}],"predecessor-version":[{"id":12662,"href":"https:\/\/www.tdh-valais.ch\/en\/wp-json\/wp\/v2\/pages\/2001\/revisions\/12662"}],"wp:attachment":[{"href":"https:\/\/www.tdh-valais.ch\/en\/wp-json\/wp\/v2\/media?parent=2001"}],"curies":[{"name":"wp","href":"https:\/\/api.w.org\/{rel}","templated":true}]}}