{"id":13125,"date":"2021-08-30T14:06:55","date_gmt":"2021-08-30T12:06:55","guid":{"rendered":"https:\/\/www.tdh-valais.ch\/parrainer-la-maison\/"},"modified":"2026-02-02T09:15:23","modified_gmt":"2026-02-02T08:15:23","slug":"sponsor-la-maison","status":"publish","type":"page","link":"https:\/\/www.tdh-valais.ch\/en\/sponsor-la-maison\/","title":{"rendered":"Sponsor La Maison: Save lives, make a difference"},"content":{"rendered":"\n<p>Join us and become an essential part of saving the lives of sick children.<\/p>\n\n\n\n<p>La Maison welcomes sick children, mainly from Africa, who have been transferred to Switzerland for treatment. The young patients stay with us and receive dedicated care before and after their hospital stays, until they are well enough to return home to their families.<a href=\"https:\/\/www.tdh-valais.ch\/article\/foire-du-valais-2023-un-veritable-succes\/\"><\/a><\/p>\n\n\n\n<div class=\"wp-block-columns has-black-color has-text-color is-layout-flex wp-container-core-columns-is-layout-9d6595d7 wp-block-columns-is-layout-flex\">\n<div class=\"wp-block-column is-layout-flow wp-block-column-is-layout-flow\" style=\"flex-basis:100%\">\n<div class=\"wp-block-buttons is-horizontal is-content-justification-center is-layout-flex wp-container-core-buttons-is-layout-499968f5 wp-block-buttons-is-layout-flex\">\n<div class=\"wp-block-button is-style-fill\"><a class=\"wp-block-button__link has-white-color has-luminous-vivid-amber-to-luminous-vivid-orange-gradient-background has-text-color has-background has-medium-font-size has-custom-font-size wp-element-button\" href=\"https:\/\/zfrmz.eu\/2KKsfvNWmkYTawh2JNm2\">I want to sponsor La Maison<\/a><\/div>\n<\/div>\n<\/div>\n<\/div>\n\n\n\n<h4 class=\"wp-block-heading\" id=\"h-why-sponsor-la-maison\"><strong>Why sponsor La Maison?<\/strong><\/h4>\n\n\n\n<p>Each sponsorship helps provide life-saving treatment for between 180 and 200 children brought to Switzerland every year.<\/p>\n\n\n\n<h4 class=\"wp-block-heading\" id=\"h-providing-crucial-medical-support-to-the-children\"><strong>Providing crucial medical support to the children<\/strong><\/h4>\n\n\n\n<p>85% of the children we welcome suffer from heart disease. For more than 50 years, La Maison has been providing a warm welcome and care to these children before and after their operations at the university hospitals of Geneva (HUG) and Lausanne (CHUV), our long-standing <a href=\"https:\/\/www.tdh-valais.ch\/en\/partners\/\">partners<\/a>.<\/p>\n\n\n\n<h4 class=\"wp-block-heading\" id=\"h-put-your-generosity-into-action\"><strong>Put your generosity into action!<\/strong><\/h4>\n\n\n\n<p>Through your donations, you can turn cries for help into smiles. Every child welcomed at La Maison benefits from your support, transforming hope into healing.<\/p>\n\n\n\n<h4 class=\"wp-block-heading\" id=\"h-at-your-complete-discretion\"><strong>At your complete discretion<\/strong><\/h4>\n\n\n\n<p>Please note that the amount and frequency of your payments are entirely up to you. When you sign up to sponsor La Maison, you will receive annual payment slips with a reference number.<\/p>\n\n\n\n<p id=\"h-\">To avoid unnecessary costs, we don\u2019t send our sponsors a thank you note for each payment, but you can request a receipt or acknowledgement of donation at any time. At the beginning of each year, you will receive a certificate for your tax return.<\/p>\n\n\n\n<p><\/p>\n\n\n\n<div class=\"wp-block-buttons is-content-justification-center is-layout-flex wp-container-core-buttons-is-layout-16018d1d wp-block-buttons-is-layout-flex\">\n<div class=\"wp-block-button\"><a class=\"wp-block-button__link has-luminous-vivid-amber-to-luminous-vivid-orange-gradient-background has-background has-text-align-center wp-element-button\" href=\"https:\/\/zfrmz.eu\/2KKsfvNWmkYTawh2JNm2\">With just 10 francs a month, <br>you can save lives!<\/a><\/div>\n<\/div>\n\n\n\n<p><\/p>\n\n\n<figure id=\"attachment_9258\" aria-describedby=\"caption-attachment-9258\" style=\"width: 352px\" class=\"wp-caption alignnone\"><img loading=\"lazy\" decoding=\"async\" class=\"wp-image-9258\" src=\"https:\/\/www.tdh-valais.ch\/wp-content\/uploads\/2023\/11\/couvert-bois-noir-2018-carre-300x300.jpeg\" alt=\"\" width=\"352\" height=\"352\" srcset=\"https:\/\/www.tdh-valais.ch\/wp-content\/uploads\/2023\/11\/couvert-bois-noir-2018-carre-300x300.jpeg 300w, https:\/\/www.tdh-valais.ch\/wp-content\/uploads\/2023\/11\/couvert-bois-noir-2018-carre-1024x1024.jpeg 1024w, https:\/\/www.tdh-valais.ch\/wp-content\/uploads\/2023\/11\/couvert-bois-noir-2018-carre-150x150.jpeg 150w, https:\/\/www.tdh-valais.ch\/wp-content\/uploads\/2023\/11\/couvert-bois-noir-2018-carre-768x768.jpeg 768w, https:\/\/www.tdh-valais.ch\/wp-content\/uploads\/2023\/11\/couvert-bois-noir-2018-carre-1536x1536.jpeg 1536w, https:\/\/www.tdh-valais.ch\/wp-content\/uploads\/2023\/11\/couvert-bois-noir-2018-carre-2048x2048.jpeg 2048w\" sizes=\"auto, (max-width: 352px) 100vw, 352px\" \/><figcaption id=\"caption-attachment-9258\" class=\"wp-caption-text\">Children welcomed at La Maison<\/figcaption><\/figure>\n\n\n<h4 class=\"wp-block-heading\" id=\"h-action-in-accordance-with-the-rights-of-the-child\"><strong>Action in accordance <strong>with the Rights of the Child<\/strong><\/strong><\/h4>\n\n\n\n<p>La Maison&#8217;s mission is fully aligned with the Rights of the Child. The Convention remains our benchmark for providing respectful care that honours the dignity of every child.<\/p>\n\n\n\n<h4 class=\"wp-block-heading\" id=\"h-stay-connected-with-our-work\"><strong>Stay connected with our work<\/strong><\/h4>\n\n\n\n<p>As a valued sponsor, you will receive La Maison&#8217;s newsletter four times a year. Each edition of the newsletter offers a detailed overview of life at La Maison, stories about the children you support, and news about our partnerships and collaborations.<\/p>\n\n\n\n<p><\/p>\n\n\n\n<div class=\"wp-block-buttons is-content-justification-center is-layout-flex wp-container-core-buttons-is-layout-16018d1d wp-block-buttons-is-layout-flex\">\n<div class=\"wp-block-button\"><a class=\"wp-block-button__link has-luminous-vivid-amber-to-luminous-vivid-orange-gradient-background has-background has-text-align-center wp-element-button\" href=\"https:\/\/www.tdh-valais.ch\/en\/sign-up-to-our-newsletter\/\">Sign up for the newsletter<\/a><\/div>\n<\/div>\n\n\n\n<p><\/p>\n\n\n\n<div class=\"wp-block-buttons is-content-justification-center is-layout-flex wp-container-core-buttons-is-layout-16018d1d wp-block-buttons-is-layout-flex\">\n<div class=\"wp-block-button is-style-fill\"><a class=\"wp-block-button__link has-luminous-vivid-amber-to-luminous-vivid-orange-gradient-background has-background has-text-align-center wp-element-button\" href=\"https:\/\/www.tdh-valais.ch\/en\/receive-our-journal\/\">Receive the La Maison newspaper, free of charge and with no obligation<\/a><\/div>\n<\/div>\n","protected":false},"excerpt":{"rendered":"<p>Join us and become an essential part of saving the lives of sick children. La Maison welcomes sick children, mainly from Africa, who have been transferred to Switzerland for treatment. The young patients stay with us and receive dedicated care before and after their hospital stays, until they are well enough to return home to [&hellip;]<\/p>\n","protected":false},"author":2,"featured_media":0,"parent":0,"menu_order":0,"comment_status":"closed","ping_status":"closed","template":"","meta":{"_acf_changed":false,"footnotes":""},"class_list":["post-13125","page","type-page","status-publish","hentry"],"acf":[],"yoast_head":"<!-- This site is optimized with the Yoast SEO Premium plugin v27.4 (Yoast SEO v27.4) - https:\/\/yoast.com\/product\/yoast-seo-premium-wordpress\/ -->\n<title>Sponsor La Maison: Save lives, make a difference<\/title>\n<meta name=\"description\" content=\"Sponsoring La Maison means helping to ensure its mission continues: saving the lives of seriously ill children.\" \/>\n<meta name=\"robots\" content=\"index, follow, max-snippet:-1, max-image-preview:large, max-video-preview:-1\" \/>\n<link rel=\"canonical\" href=\"https:\/\/www.tdh-valais.ch\/en\/sponsor-la-maison\/\" \/>\n<meta property=\"og:locale\" content=\"en_US\" \/>\n<meta property=\"og:type\" content=\"article\" \/>\n<meta property=\"og:title\" content=\"Sponsor La Maison: Save lives, make a difference\" \/>\n<meta property=\"og:description\" content=\"Sponsoring La Maison means helping to ensure its mission continues: saving the lives of seriously ill children.\" \/>\n<meta property=\"og:url\" content=\"https:\/\/www.tdh-valais.ch\/en\/sponsor-la-maison\/\" \/>\n<meta property=\"og:site_name\" content=\"Maison de Terre des hommes\" \/>\n<meta property=\"article:modified_time\" content=\"2026-02-02T08:15:23+00:00\" \/>\n<meta property=\"og:image\" content=\"https:\/\/www.tdh-valais.ch\/wp-content\/uploads\/2023\/11\/couvert-bois-noir-2018-carre.jpeg\" \/>\n\t<meta property=\"og:image:width\" content=\"2799\" \/>\n\t<meta property=\"og:image:height\" content=\"2799\" \/>\n\t<meta property=\"og:image:type\" content=\"image\/jpeg\" \/>\n<meta name=\"twitter:card\" content=\"summary_large_image\" \/>\n<meta name=\"twitter:label1\" content=\"Est. reading time\" \/>\n\t<meta name=\"twitter:data1\" content=\"3 minutes\" \/>\n<script type=\"application\/ld+json\" class=\"yoast-schema-graph\">{\"@context\":\"https:\\\/\\\/schema.org\",\"@graph\":[{\"@type\":\"WebPage\",\"@id\":\"https:\\\/\\\/www.tdh-valais.ch\\\/en\\\/sponsor-la-maison\\\/\",\"url\":\"https:\\\/\\\/www.tdh-valais.ch\\\/en\\\/sponsor-la-maison\\\/\",\"name\":\"Sponsor La Maison: Save lives, make a difference\",\"isPartOf\":{\"@id\":\"https:\\\/\\\/www.tdh-valais.ch\\\/#website\"},\"primaryImageOfPage\":{\"@id\":\"https:\\\/\\\/www.tdh-valais.ch\\\/en\\\/sponsor-la-maison\\\/#primaryimage\"},\"image\":{\"@id\":\"https:\\\/\\\/www.tdh-valais.ch\\\/en\\\/sponsor-la-maison\\\/#primaryimage\"},\"thumbnailUrl\":\"https:\\\/\\\/www.tdh-valais.ch\\\/wp-content\\\/uploads\\\/2023\\\/11\\\/couvert-bois-noir-2018-carre-300x300.jpeg\",\"datePublished\":\"2021-08-30T12:06:55+00:00\",\"dateModified\":\"2026-02-02T08:15:23+00:00\",\"description\":\"Sponsoring La Maison means helping to ensure its mission continues: saving the lives of seriously ill children.\",\"breadcrumb\":{\"@id\":\"https:\\\/\\\/www.tdh-valais.ch\\\/en\\\/sponsor-la-maison\\\/#breadcrumb\"},\"inLanguage\":\"en-US\",\"potentialAction\":[{\"@type\":\"ReadAction\",\"target\":[\"https:\\\/\\\/www.tdh-valais.ch\\\/en\\\/sponsor-la-maison\\\/\"]}]},{\"@type\":\"ImageObject\",\"inLanguage\":\"en-US\",\"@id\":\"https:\\\/\\\/www.tdh-valais.ch\\\/en\\\/sponsor-la-maison\\\/#primaryimage\",\"url\":\"https:\\\/\\\/www.tdh-valais.ch\\\/wp-content\\\/uploads\\\/2023\\\/11\\\/couvert-bois-noir-2018-carre-300x300.jpeg\",\"contentUrl\":\"https:\\\/\\\/www.tdh-valais.ch\\\/wp-content\\\/uploads\\\/2023\\\/11\\\/couvert-bois-noir-2018-carre-300x300.jpeg\"},{\"@type\":\"BreadcrumbList\",\"@id\":\"https:\\\/\\\/www.tdh-valais.ch\\\/en\\\/sponsor-la-maison\\\/#breadcrumb\",\"itemListElement\":[{\"@type\":\"ListItem\",\"position\":1,\"name\":\"Home\",\"item\":\"https:\\\/\\\/www.tdh-valais.ch\\\/en\\\/\"},{\"@type\":\"ListItem\",\"position\":2,\"name\":\"Sponsor La Maison: Save lives, make a difference\"}]},{\"@type\":\"WebSite\",\"@id\":\"https:\\\/\\\/www.tdh-valais.ch\\\/#website\",\"url\":\"https:\\\/\\\/www.tdh-valais.ch\\\/\",\"name\":\"Maison de Terre des hommes\",\"description\":\"La Maison de Terre des hommes \u00e0 Massongex est un home m\u00e9dicalis\u00e9 qui accueilles des enfants malades venus se faire soigner en Suisse.\",\"publisher\":{\"@id\":\"https:\\\/\\\/www.tdh-valais.ch\\\/#organization\"},\"potentialAction\":[{\"@type\":\"SearchAction\",\"target\":{\"@type\":\"EntryPoint\",\"urlTemplate\":\"https:\\\/\\\/www.tdh-valais.ch\\\/?s={search_term_string}\"},\"query-input\":{\"@type\":\"PropertyValueSpecification\",\"valueRequired\":true,\"valueName\":\"search_term_string\"}}],\"inLanguage\":\"en-US\"},{\"@type\":\"Organization\",\"@id\":\"https:\\\/\\\/www.tdh-valais.ch\\\/#organization\",\"name\":\"Maison de Terre des hommes Valais\",\"url\":\"https:\\\/\\\/www.tdh-valais.ch\\\/\",\"logo\":{\"@type\":\"ImageObject\",\"inLanguage\":\"en-US\",\"@id\":\"https:\\\/\\\/www.tdh-valais.ch\\\/#\\\/schema\\\/logo\\\/image\\\/\",\"url\":\"https:\\\/\\\/www.tdh-valais.ch\\\/wp-content\\\/uploads\\\/2019\\\/09\\\/logo.png\",\"contentUrl\":\"https:\\\/\\\/www.tdh-valais.ch\\\/wp-content\\\/uploads\\\/2019\\\/09\\\/logo.png\",\"width\":165,\"height\":104,\"caption\":\"Maison de Terre des hommes Valais\"},\"image\":{\"@id\":\"https:\\\/\\\/www.tdh-valais.ch\\\/#\\\/schema\\\/logo\\\/image\\\/\"}}]}<\/script>\n<!-- \/ Yoast SEO Premium plugin. -->","yoast_head_json":{"title":"Sponsor La Maison: Save lives, make a difference","description":"Sponsoring La Maison means helping to ensure its mission continues: saving the lives of seriously ill children.","robots":{"index":"index","follow":"follow","max-snippet":"max-snippet:-1","max-image-preview":"max-image-preview:large","max-video-preview":"max-video-preview:-1"},"canonical":"https:\/\/www.tdh-valais.ch\/en\/sponsor-la-maison\/","og_locale":"en_US","og_type":"article","og_title":"Sponsor La Maison: Save lives, make a difference","og_description":"Sponsoring La Maison means helping to ensure its mission continues: saving the lives of seriously ill children.","og_url":"https:\/\/www.tdh-valais.ch\/en\/sponsor-la-maison\/","og_site_name":"Maison de Terre des hommes","article_modified_time":"2026-02-02T08:15:23+00:00","og_image":[{"width":2799,"height":2799,"url":"https:\/\/www.tdh-valais.ch\/wp-content\/uploads\/2023\/11\/couvert-bois-noir-2018-carre.jpeg","type":"image\/jpeg"}],"twitter_card":"summary_large_image","twitter_misc":{"Est. reading time":"3 minutes"},"schema":{"@context":"https:\/\/schema.org","@graph":[{"@type":"WebPage","@id":"https:\/\/www.tdh-valais.ch\/en\/sponsor-la-maison\/","url":"https:\/\/www.tdh-valais.ch\/en\/sponsor-la-maison\/","name":"Sponsor La Maison: Save lives, make a difference","isPartOf":{"@id":"https:\/\/www.tdh-valais.ch\/#website"},"primaryImageOfPage":{"@id":"https:\/\/www.tdh-valais.ch\/en\/sponsor-la-maison\/#primaryimage"},"image":{"@id":"https:\/\/www.tdh-valais.ch\/en\/sponsor-la-maison\/#primaryimage"},"thumbnailUrl":"https:\/\/www.tdh-valais.ch\/wp-content\/uploads\/2023\/11\/couvert-bois-noir-2018-carre-300x300.jpeg","datePublished":"2021-08-30T12:06:55+00:00","dateModified":"2026-02-02T08:15:23+00:00","description":"Sponsoring La Maison means helping to ensure its mission continues: saving the lives of seriously ill children.","breadcrumb":{"@id":"https:\/\/www.tdh-valais.ch\/en\/sponsor-la-maison\/#breadcrumb"},"inLanguage":"en-US","potentialAction":[{"@type":"ReadAction","target":["https:\/\/www.tdh-valais.ch\/en\/sponsor-la-maison\/"]}]},{"@type":"ImageObject","inLanguage":"en-US","@id":"https:\/\/www.tdh-valais.ch\/en\/sponsor-la-maison\/#primaryimage","url":"https:\/\/www.tdh-valais.ch\/wp-content\/uploads\/2023\/11\/couvert-bois-noir-2018-carre-300x300.jpeg","contentUrl":"https:\/\/www.tdh-valais.ch\/wp-content\/uploads\/2023\/11\/couvert-bois-noir-2018-carre-300x300.jpeg"},{"@type":"BreadcrumbList","@id":"https:\/\/www.tdh-valais.ch\/en\/sponsor-la-maison\/#breadcrumb","itemListElement":[{"@type":"ListItem","position":1,"name":"Home","item":"https:\/\/www.tdh-valais.ch\/en\/"},{"@type":"ListItem","position":2,"name":"Sponsor La Maison: Save lives, make a difference"}]},{"@type":"WebSite","@id":"https:\/\/www.tdh-valais.ch\/#website","url":"https:\/\/www.tdh-valais.ch\/","name":"Maison de Terre des hommes","description":"La Maison de Terre des hommes \u00e0 Massongex est un home m\u00e9dicalis\u00e9 qui accueilles des enfants malades venus se faire soigner en Suisse.","publisher":{"@id":"https:\/\/www.tdh-valais.ch\/#organization"},"potentialAction":[{"@type":"SearchAction","target":{"@type":"EntryPoint","urlTemplate":"https:\/\/www.tdh-valais.ch\/?s={search_term_string}"},"query-input":{"@type":"PropertyValueSpecification","valueRequired":true,"valueName":"search_term_string"}}],"inLanguage":"en-US"},{"@type":"Organization","@id":"https:\/\/www.tdh-valais.ch\/#organization","name":"Maison de Terre des hommes Valais","url":"https:\/\/www.tdh-valais.ch\/","logo":{"@type":"ImageObject","inLanguage":"en-US","@id":"https:\/\/www.tdh-valais.ch\/#\/schema\/logo\/image\/","url":"https:\/\/www.tdh-valais.ch\/wp-content\/uploads\/2019\/09\/logo.png","contentUrl":"https:\/\/www.tdh-valais.ch\/wp-content\/uploads\/2019\/09\/logo.png","width":165,"height":104,"caption":"Maison de Terre des hommes Valais"},"image":{"@id":"https:\/\/www.tdh-valais.ch\/#\/schema\/logo\/image\/"}}]}},"_links":{"self":[{"href":"https:\/\/www.tdh-valais.ch\/en\/wp-json\/wp\/v2\/pages\/13125","targetHints":{"allow":["GET"]}}],"collection":[{"href":"https:\/\/www.tdh-valais.ch\/en\/wp-json\/wp\/v2\/pages"}],"about":[{"href":"https:\/\/www.tdh-valais.ch\/en\/wp-json\/wp\/v2\/types\/page"}],"author":[{"embeddable":true,"href":"https:\/\/www.tdh-valais.ch\/en\/wp-json\/wp\/v2\/users\/2"}],"replies":[{"embeddable":true,"href":"https:\/\/www.tdh-valais.ch\/en\/wp-json\/wp\/v2\/comments?post=13125"}],"version-history":[{"count":5,"href":"https:\/\/www.tdh-valais.ch\/en\/wp-json\/wp\/v2\/pages\/13125\/revisions"}],"predecessor-version":[{"id":13167,"href":"https:\/\/www.tdh-valais.ch\/en\/wp-json\/wp\/v2\/pages\/13125\/revisions\/13167"}],"wp:attachment":[{"href":"https:\/\/www.tdh-valais.ch\/en\/wp-json\/wp\/v2\/media?parent=13125"}],"curies":[{"name":"wp","href":"https:\/\/api.w.org\/{rel}","templated":true}]}}