{"id":4507,"date":"2021-09-09T09:45:07","date_gmt":"2021-09-09T07:45:07","guid":{"rendered":"https:\/\/www.tdh-valais.ch\/erbschaften\/"},"modified":"2021-09-09T09:45:07","modified_gmt":"2021-09-09T07:45:07","slug":"erbschaften","status":"publish","type":"page","link":"https:\/\/www.tdh-valais.ch\/de\/erbschaften\/","title":{"rendered":"Erbschaften"},"content":{"rendered":"","protected":false},"excerpt":{"rendered":"","protected":false},"author":2,"featured_media":0,"parent":0,"menu_order":0,"comment_status":"closed","ping_status":"closed","template":"template-legs.php","meta":{"_acf_changed":false,"footnotes":""},"class_list":["post-4507","page","type-page","status-publish","hentry"],"acf":[],"yoast_head":"<!-- This site is optimized with the Yoast SEO Premium plugin v26.9 (Yoast SEO v26.9) - https:\/\/yoast.com\/product\/yoast-seo-premium-wordpress\/ -->\n<title>Erbschaften - Maison de Terre des hommes - Helfen<\/title>\n<meta name=\"description\" content=\"Mit einem Erbteil oder Legat an La Maison unterst\u00fctzen Sie benachteiligte Kinder weltweit und sichern deren Zukunft nachhaltig.\" \/>\n<meta name=\"robots\" content=\"index, follow, max-snippet:-1, max-image-preview:large, max-video-preview:-1\" \/>\n<link rel=\"canonical\" href=\"https:\/\/www.tdh-valais.ch\/de\/erbschaften\/\" \/>\n<meta property=\"og:locale\" content=\"de_DE\" \/>\n<meta property=\"og:type\" content=\"article\" \/>\n<meta property=\"og:title\" content=\"Erbschaften\" \/>\n<meta property=\"og:description\" content=\"Mit einem Erbteil oder Legat an La Maison unterst\u00fctzen Sie benachteiligte Kinder weltweit und sichern deren Zukunft nachhaltig.\" \/>\n<meta property=\"og:url\" content=\"https:\/\/www.tdh-valais.ch\/de\/erbschaften\/\" \/>\n<meta property=\"og:site_name\" content=\"Maison de Terre des hommes\" \/>\n<meta name=\"twitter:card\" content=\"summary_large_image\" \/>\n<script type=\"application\/ld+json\" class=\"yoast-schema-graph\">{\"@context\":\"https:\/\/schema.org\",\"@graph\":[{\"@type\":\"WebPage\",\"@id\":\"https:\/\/www.tdh-valais.ch\/de\/erbschaften\/\",\"url\":\"https:\/\/www.tdh-valais.ch\/de\/erbschaften\/\",\"name\":\"Erbschaften - Maison de Terre des hommes - Helfen\",\"isPartOf\":{\"@id\":\"https:\/\/www.tdh-valais.ch\/#website\"},\"datePublished\":\"2021-09-09T07:45:07+00:00\",\"description\":\"Mit einem Erbteil oder Legat an La Maison unterst\u00fctzen Sie benachteiligte Kinder weltweit und sichern deren Zukunft nachhaltig.\",\"breadcrumb\":{\"@id\":\"https:\/\/www.tdh-valais.ch\/de\/erbschaften\/#breadcrumb\"},\"inLanguage\":\"de\",\"potentialAction\":[{\"@type\":\"ReadAction\",\"target\":[\"https:\/\/www.tdh-valais.ch\/de\/erbschaften\/\"]}]},{\"@type\":\"BreadcrumbList\",\"@id\":\"https:\/\/www.tdh-valais.ch\/de\/erbschaften\/#breadcrumb\",\"itemListElement\":[{\"@type\":\"ListItem\",\"position\":1,\"name\":\"Home\",\"item\":\"https:\/\/www.tdh-valais.ch\/de\/\"},{\"@type\":\"ListItem\",\"position\":2,\"name\":\"Erbschaften\"}]},{\"@type\":\"WebSite\",\"@id\":\"https:\/\/www.tdh-valais.ch\/#website\",\"url\":\"https:\/\/www.tdh-valais.ch\/\",\"name\":\"Maison de Terre des hommes\",\"description\":\"La Maison de Terre des hommes \u00e0 Massongex est un home m\u00e9dicalis\u00e9 qui accueilles des enfants malades venus se faire soigner en Suisse.\",\"publisher\":{\"@id\":\"https:\/\/www.tdh-valais.ch\/#organization\"},\"potentialAction\":[{\"@type\":\"SearchAction\",\"target\":{\"@type\":\"EntryPoint\",\"urlTemplate\":\"https:\/\/www.tdh-valais.ch\/?s={search_term_string}\"},\"query-input\":{\"@type\":\"PropertyValueSpecification\",\"valueRequired\":true,\"valueName\":\"search_term_string\"}}],\"inLanguage\":\"de\"},{\"@type\":\"Organization\",\"@id\":\"https:\/\/www.tdh-valais.ch\/#organization\",\"name\":\"Maison de Terre des hommes Valais\",\"url\":\"https:\/\/www.tdh-valais.ch\/\",\"logo\":{\"@type\":\"ImageObject\",\"inLanguage\":\"de\",\"@id\":\"https:\/\/www.tdh-valais.ch\/#\/schema\/logo\/image\/\",\"url\":\"https:\/\/www.tdh-valais.ch\/wp-content\/uploads\/2019\/09\/logo.png\",\"contentUrl\":\"https:\/\/www.tdh-valais.ch\/wp-content\/uploads\/2019\/09\/logo.png\",\"width\":165,\"height\":104,\"caption\":\"Maison de Terre des hommes Valais\"},\"image\":{\"@id\":\"https:\/\/www.tdh-valais.ch\/#\/schema\/logo\/image\/\"}}]}<\/script>\n<!-- \/ Yoast SEO Premium plugin. -->","yoast_head_json":{"title":"Erbschaften - Maison de Terre des hommes - Helfen","description":"Mit einem Erbteil oder Legat an La Maison unterst\u00fctzen Sie benachteiligte Kinder weltweit und sichern deren Zukunft nachhaltig.","robots":{"index":"index","follow":"follow","max-snippet":"max-snippet:-1","max-image-preview":"max-image-preview:large","max-video-preview":"max-video-preview:-1"},"canonical":"https:\/\/www.tdh-valais.ch\/de\/erbschaften\/","og_locale":"de_DE","og_type":"article","og_title":"Erbschaften","og_description":"Mit einem Erbteil oder Legat an La Maison unterst\u00fctzen Sie benachteiligte Kinder weltweit und sichern deren Zukunft nachhaltig.","og_url":"https:\/\/www.tdh-valais.ch\/de\/erbschaften\/","og_site_name":"Maison de Terre des hommes","twitter_card":"summary_large_image","schema":{"@context":"https:\/\/schema.org","@graph":[{"@type":"WebPage","@id":"https:\/\/www.tdh-valais.ch\/de\/erbschaften\/","url":"https:\/\/www.tdh-valais.ch\/de\/erbschaften\/","name":"Erbschaften - Maison de Terre des hommes - Helfen","isPartOf":{"@id":"https:\/\/www.tdh-valais.ch\/#website"},"datePublished":"2021-09-09T07:45:07+00:00","description":"Mit einem Erbteil oder Legat an La Maison unterst\u00fctzen Sie benachteiligte Kinder weltweit und sichern deren Zukunft nachhaltig.","breadcrumb":{"@id":"https:\/\/www.tdh-valais.ch\/de\/erbschaften\/#breadcrumb"},"inLanguage":"de","potentialAction":[{"@type":"ReadAction","target":["https:\/\/www.tdh-valais.ch\/de\/erbschaften\/"]}]},{"@type":"BreadcrumbList","@id":"https:\/\/www.tdh-valais.ch\/de\/erbschaften\/#breadcrumb","itemListElement":[{"@type":"ListItem","position":1,"name":"Home","item":"https:\/\/www.tdh-valais.ch\/de\/"},{"@type":"ListItem","position":2,"name":"Erbschaften"}]},{"@type":"WebSite","@id":"https:\/\/www.tdh-valais.ch\/#website","url":"https:\/\/www.tdh-valais.ch\/","name":"Maison de Terre des hommes","description":"La Maison de Terre des hommes \u00e0 Massongex est un home m\u00e9dicalis\u00e9 qui accueilles des enfants malades venus se faire soigner en Suisse.","publisher":{"@id":"https:\/\/www.tdh-valais.ch\/#organization"},"potentialAction":[{"@type":"SearchAction","target":{"@type":"EntryPoint","urlTemplate":"https:\/\/www.tdh-valais.ch\/?s={search_term_string}"},"query-input":{"@type":"PropertyValueSpecification","valueRequired":true,"valueName":"search_term_string"}}],"inLanguage":"de"},{"@type":"Organization","@id":"https:\/\/www.tdh-valais.ch\/#organization","name":"Maison de Terre des hommes Valais","url":"https:\/\/www.tdh-valais.ch\/","logo":{"@type":"ImageObject","inLanguage":"de","@id":"https:\/\/www.tdh-valais.ch\/#\/schema\/logo\/image\/","url":"https:\/\/www.tdh-valais.ch\/wp-content\/uploads\/2019\/09\/logo.png","contentUrl":"https:\/\/www.tdh-valais.ch\/wp-content\/uploads\/2019\/09\/logo.png","width":165,"height":104,"caption":"Maison de Terre des hommes Valais"},"image":{"@id":"https:\/\/www.tdh-valais.ch\/#\/schema\/logo\/image\/"}}]}},"_links":{"self":[{"href":"https:\/\/www.tdh-valais.ch\/de\/wp-json\/wp\/v2\/pages\/4507","targetHints":{"allow":["GET"]}}],"collection":[{"href":"https:\/\/www.tdh-valais.ch\/de\/wp-json\/wp\/v2\/pages"}],"about":[{"href":"https:\/\/www.tdh-valais.ch\/de\/wp-json\/wp\/v2\/types\/page"}],"author":[{"embeddable":true,"href":"https:\/\/www.tdh-valais.ch\/de\/wp-json\/wp\/v2\/users\/2"}],"replies":[{"embeddable":true,"href":"https:\/\/www.tdh-valais.ch\/de\/wp-json\/wp\/v2\/comments?post=4507"}],"version-history":[{"count":0,"href":"https:\/\/www.tdh-valais.ch\/de\/wp-json\/wp\/v2\/pages\/4507\/revisions"}],"wp:attachment":[{"href":"https:\/\/www.tdh-valais.ch\/de\/wp-json\/wp\/v2\/media?parent=4507"}],"curies":[{"name":"wp","href":"https:\/\/api.w.org\/{rel}","templated":true}]}}