{"id":2570,"date":"2019-05-29T09:37:43","date_gmt":"2019-05-29T07:37:43","guid":{"rendered":"https:\/\/www.tdh-valais.ch\/mentions-legales\/"},"modified":"2026-01-30T08:51:39","modified_gmt":"2026-01-30T07:51:39","slug":"mentions-legales","status":"publish","type":"page","link":"https:\/\/www.tdh-valais.ch\/de\/mentions-legales\/","title":{"rendered":"Datenschutz"},"content":{"rendered":"<p><strong>Introduction<\/strong><\/p>\n<p><strong>\u00a0<\/strong>La pr\u00e9sente d\u00e9claration de protection des donn\u00e9es s\u2019applique \u00e0 la fondation Terre des hommes Valais (TdhVs) qui g\u00e8re La Maison.<\/p>\n<p>Nous accordons la plus grande importance \u00e0 la protection de votre sph\u00e8re priv\u00e9e. Nous respectons votre personnalit\u00e9 ainsi que votre sph\u00e8re priv\u00e9e, et veillons \u00e0 leur protection ainsi qu\u2019\u00e0 un traitement conforme \u00e0 la loi de vos donn\u00e9es \u00e0 caract\u00e8re personnel.<\/p>\n<p>La pr\u00e9sente Politique de Confidentialit\u00e9 explique quelle information est collect\u00e9e lors de votre acc\u00e8s et utilisation de nos pages Internet accessibles \u00e0\u00a0 <a href=\"http:\/\/www.tdh-valais.ch\">http:\/\/www.tdh-valais.ch<\/a>, l\u2019utilisation dont nous faisons de l\u2019information collect\u00e9e, et le niveau de s\u00e9curit\u00e9 que nous fournissons pour la protection de cette derni\u00e8re.<\/p>\n<p>En acc\u00e9dant et en utilisant les Plateformes, vous acceptez express\u00e9ment cette Politique de Confidentialit\u00e9. Celle-ci peut \u00eatre modifi\u00e9e en tout temps en vue d\u2019adaptation \u00e0 toute nouvelle pratique commerciale, technologie ou modification l\u00e9gislative.<\/p>\n<p><strong>Collecte de donn\u00e9es<\/strong><\/p>\n<p>Nous collectons des donn\u00e9es en lien avec votre acc\u00e8s et utilisation des Plateformes. Notamment, nous pourrions collecter vos donn\u00e9es personnelles concernant votre nom, sexe, date de naissance, adresses, informations de paiement, adresse e-mail, num\u00e9ros de t\u00e9l\u00e9phone, pr\u00e9f\u00e9rence de langue, ou autres informations qui peuvent servir \u00e0 vous identifier ou vous contacter dans le cadre de l\u2019acc\u00e8s et utilisation des plateformes.<\/p>\n<p><strong>Utilisation des donn\u00e9es collect\u00e9es<\/strong><\/p>\n<p>Nous utilisons les donn\u00e9es collect\u00e9es transmises, aux fins \u00e9nonc\u00e9es lors de leur collecte, notamment pour la r\u00e9alisation de nos activit\u00e9s et de notre but humanitaire. En particulier, nous utilisons ces donn\u00e9es en vue de diffusion d\u2019informations cibl\u00e9es sur nos activit\u00e9s, notre soutien financier, \u00e0 l&#8217;analyse, ainsi que pour l\u2019abonnement \u00e0 notre Newsletter \u00e9lectronique.<\/p>\n<p><strong>Aucune transmission de donn\u00e9es s\u00e9curis\u00e9e<\/strong><\/p>\n<p>La communication par courrier \u00e9lectronique s&#8217;effectue via un r\u00e9seau transfrontalier ouvert, accessible au public. Il ne peut donc pas \u00eatre exclu que les donn\u00e9es transmises puissent \u00eatre consult\u00e9es par des tiers et que l&#8217;\u00e9tablissement du contact soit \u00e9galement trac\u00e9.<\/p>\n<p><strong>Sites tiers<\/strong><\/p>\n<p>Les plateformes peuvent contenir des liens ou renvois vers d\u2019autres sites Internet tiers, notamment des sites de partenaires. La pr\u00e9sente Politique de Confidentialit\u00e9 ne s\u2019applique pas \u00e0 ces autres sites Internet tiers ou aux pratiques d\u2019autres soci\u00e9t\u00e9s ou individus que TdhVs ne contr\u00f4le pas. Vous devez vous informer et revoir les politiques de confidentialit\u00e9 des sites Internet tiers que vous visitez, qui r\u00e8glent la collecte et utilisation de vos Donn\u00e9es Personnelles lorsque vous les visitez. Dans les limites l\u00e9gales, TdhVs ne peut \u00eatre tenue responsable des pratiques en mati\u00e8re de confidentialit\u00e9 de ces sites Internet tiers.<\/p>\n<p><strong>Communication \u00e0 des tiers<\/strong><\/p>\n<p>Nous ne communiquons pas vos donn\u00e9es personnelles \u00e0 des tiers, \u00e0 l\u2019exception de nos partenaires et\/ou sous-traitants, dans la mesure n\u00e9cessaire \u00e0 l\u2019ex\u00e9cution des buts pour lesquels elles sont collect\u00e9es, par exemple lors d\u2019un don en vue de notre soutien financier, vos informations de paiement sont transmises exclusivement \u00e0 la soci\u00e9t\u00e9 \u00e0 laquelle nous sous-traitons la gestion et encaissement de votre don.<\/p>\n<p><strong>Transmission \u00e0 l\u2019\u00e9tranger<\/strong><\/p>\n<p>Vos donn\u00e9es personnelles sont trait\u00e9es en Suisse mais peuvent \u00e9galement \u00eatre stock\u00e9es et exploit\u00e9es dans d&#8217;autres pays, \u00e9tant pr\u00e9cis\u00e9 que certaines de ces localisations peuvent \u00e9ventuellement inclure des pays qui ne garantissent pas n\u00e9cessairement le m\u00eame degr\u00e9 de protection des donn\u00e9es personnelles que la Suisse. En nous soumettant ces donn\u00e9es, vous acceptez sp\u00e9cifiquement ce transfert.<\/p>\n<p><strong>Cookies<\/strong><\/p>\n<p>Afin d\u2019am\u00e9liorer l\u2019utilisation et les fonctionnalit\u00e9s des services, nous utilisons des \u00ab\u00a0cookies\u00a0\u00bb ou autres t\u00e9moins, qui sont susceptibles d\u2019enregistrer automatiquement des donn\u00e9es personnelles. Un cookie est un petit fichier de donn\u00e9es qui est enregistr\u00e9 sur votre appareil \u00e9lectronique. Lorsque vous acc\u00e9dez et utilisez les plateformes, le cookie identifie votre appareil \u00e9lectronique. Nous utilisons \u00e9galement des cookies pour mesurer le trafic et l\u2019utilisation des plateformes ainsi que de leurs fonctionnalit\u00e9s.<\/p>\n<p>Si vous ne souhaitez pas l\u2019enregistrement de cookies sur votre appareil \u00e9lectronique, vous devez configurer votre navigateur Internet ou appareil \u00e9lectronique pour refuser les cookies avant l\u2019utilisation des plateformes. Si vous ne le faites pas, vous consentez \u00e0 la collecte et au traitement des donn\u00e9es r\u00e9colt\u00e9es. L\u2019utilisation des plateformes ou certaines de ses fonctionnalit\u00e9s peuvent en \u00eatre alt\u00e9r\u00e9es ou ne pas fonctionner.<\/p>\n<p><strong>Modifications<\/strong><\/p>\n<p>Nous pouvons modifier cette Politique de Confidentialit\u00e9 en tout temps \u00e0 sa seule discr\u00e9tion.\u00a0Par votre acc\u00e8s et utilisation renouvel\u00e9s des plateformes apr\u00e8s toutes modifications, vous acceptez express\u00e9ment la Politique de Confidentialit\u00e9 modifi\u00e9e. La Politique de Confidentialit\u00e9 en vigueur au moment de la collecte et utilisation des donn\u00e9es r\u00e9git ces derni\u00e8res.<\/p>\n<p><strong>Droit d\u2019acc\u00e8s et rectification<\/strong><\/p>\n<p>Sur requ\u00eate et sauf obligation l\u00e9gale contraire, nous vous fournirons un r\u00e9sum\u00e9 des donn\u00e9es collect\u00e9es et trait\u00e9es. Sur requ\u00eate et sous r\u00e9serve de droit imp\u00e9ratif contraire, vous aurez l\u2019opportunit\u00e9 de corriger, mettre \u00e0 jour, modifier ou supprimer ces informations en envoyant un e-mail \u00e0 info@tdh-valais.ch<\/p>\n<p><strong>Droit d&#8217;auteur et autres droits de propri\u00e9t\u00e9<\/strong><\/p>\n<p>Tous les contenus publi\u00e9s sur ce site sont soumis au droit d&#8217;auteur. Tous les droits sont r\u00e9serv\u00e9s. Acc\u00e9der aux plateformes ou t\u00e9l\u00e9charger ou copier des donn\u00e9es sur ces sites Web ou des parties de celui-ci par l&#8217;utilisateur ne repr\u00e9sente pas l&#8217;octroi de tous droits quelconques au contenu, au logiciel, \u00e0 une marque d\u00e9pos\u00e9e ou \u00e0 tout autre \u00e9l\u00e9ment du site. Toute modification, reproduction ou utilisation du site Web; Le logo de La Maison ou des parties de celui-ci \u00e0 des fins publiques ou commerciales sans le consentement pr\u00e9alable de la fondation Terre des hommes Valais est strictement interdit.<\/p>\n<p><strong>Droit applicable et for<\/strong><\/p>\n<p>La pr\u00e9sente Politique de Confidentialit\u00e9 est soumise au droit mat\u00e9riel suisse, \u00e0 l\u2019exception de ses r\u00e8gles de conflits de lois.<\/p>\n<p>Toute r\u00e9clamation, pr\u00e9tention ou litige doivent \u00eatre soumis aux juridictions comp\u00e9tentes du si\u00e8ge de TdhVs, sous r\u00e9serve d\u2019un recours au Tribunal F\u00e9d\u00e9ral.<\/p>\n<p><strong>Questions<\/strong><\/p>\n<p>Si vous deviez avoir une question sur la pr\u00e9sente Politique de Confidentialit\u00e9, veuillez contacter TdhVs \u00e0\u00a0<a href=\"mailto:info@tdh-valais.ch\">info@tdh-valais.ch<\/a>.<\/p>\n","protected":false},"excerpt":{"rendered":"<p>Introduction \u00a0La pr\u00e9sente d\u00e9claration de protection des donn\u00e9es s\u2019applique \u00e0 la fondation Terre des hommes Valais (TdhVs) qui g\u00e8re La Maison. Nous accordons la plus grande importance \u00e0 la protection de votre sph\u00e8re priv\u00e9e. Nous respectons votre personnalit\u00e9 ainsi que votre sph\u00e8re priv\u00e9e, et veillons \u00e0 leur protection ainsi qu\u2019\u00e0 un traitement conforme \u00e0 la [&hellip;]<\/p>\n","protected":false},"author":1,"featured_media":0,"parent":0,"menu_order":0,"comment_status":"closed","ping_status":"closed","template":"","meta":{"_acf_changed":false,"footnotes":""},"class_list":["post-2570","page","type-page","status-publish","hentry"],"acf":[],"yoast_head":"<!-- This site is optimized with the Yoast SEO Premium plugin v26.9 (Yoast SEO v26.9) - https:\/\/yoast.com\/product\/yoast-seo-premium-wordpress\/ -->\n<title>Datenschutz - Maison de Terre des hommes<\/title>\n<meta name=\"robots\" content=\"index, follow, max-snippet:-1, max-image-preview:large, max-video-preview:-1\" \/>\n<link rel=\"canonical\" href=\"https:\/\/www.tdh-valais.ch\/de\/mentions-legales\/\" \/>\n<meta property=\"og:locale\" content=\"de_DE\" \/>\n<meta property=\"og:type\" content=\"article\" \/>\n<meta property=\"og:title\" content=\"Datenschutz\" \/>\n<meta property=\"og:description\" content=\"Introduction \u00a0La pr\u00e9sente d\u00e9claration de protection des donn\u00e9es s\u2019applique \u00e0 la fondation Terre des hommes Valais (TdhVs) qui g\u00e8re La Maison. Nous accordons la plus grande importance \u00e0 la protection de votre sph\u00e8re priv\u00e9e. Nous respectons votre personnalit\u00e9 ainsi que votre sph\u00e8re priv\u00e9e, et veillons \u00e0 leur protection ainsi qu\u2019\u00e0 un traitement conforme \u00e0 la [&hellip;]\" \/>\n<meta property=\"og:url\" content=\"https:\/\/www.tdh-valais.ch\/de\/mentions-legales\/\" \/>\n<meta property=\"og:site_name\" content=\"Maison de Terre des hommes\" \/>\n<meta property=\"article:modified_time\" content=\"2026-01-30T07:51:39+00:00\" \/>\n<meta name=\"twitter:card\" content=\"summary_large_image\" \/>\n<meta name=\"twitter:label1\" content=\"Gesch\u00e4tzte Lesezeit\" \/>\n\t<meta name=\"twitter:data1\" content=\"5\u00a0Minuten\" \/>\n<script type=\"application\/ld+json\" class=\"yoast-schema-graph\">{\"@context\":\"https:\/\/schema.org\",\"@graph\":[{\"@type\":\"WebPage\",\"@id\":\"https:\/\/www.tdh-valais.ch\/de\/mentions-legales\/\",\"url\":\"https:\/\/www.tdh-valais.ch\/de\/mentions-legales\/\",\"name\":\"Datenschutz - Maison de Terre des hommes\",\"isPartOf\":{\"@id\":\"https:\/\/www.tdh-valais.ch\/#website\"},\"datePublished\":\"2019-05-29T07:37:43+00:00\",\"dateModified\":\"2026-01-30T07:51:39+00:00\",\"breadcrumb\":{\"@id\":\"https:\/\/www.tdh-valais.ch\/de\/mentions-legales\/#breadcrumb\"},\"inLanguage\":\"de\",\"potentialAction\":[{\"@type\":\"ReadAction\",\"target\":[\"https:\/\/www.tdh-valais.ch\/de\/mentions-legales\/\"]}]},{\"@type\":\"BreadcrumbList\",\"@id\":\"https:\/\/www.tdh-valais.ch\/de\/mentions-legales\/#breadcrumb\",\"itemListElement\":[{\"@type\":\"ListItem\",\"position\":1,\"name\":\"Home\",\"item\":\"https:\/\/www.tdh-valais.ch\/de\/\"},{\"@type\":\"ListItem\",\"position\":2,\"name\":\"Datenschutz\"}]},{\"@type\":\"WebSite\",\"@id\":\"https:\/\/www.tdh-valais.ch\/#website\",\"url\":\"https:\/\/www.tdh-valais.ch\/\",\"name\":\"Maison de Terre des hommes\",\"description\":\"La Maison de Terre des hommes \u00e0 Massongex est un home m\u00e9dicalis\u00e9 qui accueilles des enfants malades venus se faire soigner en Suisse.\",\"publisher\":{\"@id\":\"https:\/\/www.tdh-valais.ch\/#organization\"},\"potentialAction\":[{\"@type\":\"SearchAction\",\"target\":{\"@type\":\"EntryPoint\",\"urlTemplate\":\"https:\/\/www.tdh-valais.ch\/?s={search_term_string}\"},\"query-input\":{\"@type\":\"PropertyValueSpecification\",\"valueRequired\":true,\"valueName\":\"search_term_string\"}}],\"inLanguage\":\"de\"},{\"@type\":\"Organization\",\"@id\":\"https:\/\/www.tdh-valais.ch\/#organization\",\"name\":\"Maison de Terre des hommes Valais\",\"url\":\"https:\/\/www.tdh-valais.ch\/\",\"logo\":{\"@type\":\"ImageObject\",\"inLanguage\":\"de\",\"@id\":\"https:\/\/www.tdh-valais.ch\/#\/schema\/logo\/image\/\",\"url\":\"https:\/\/www.tdh-valais.ch\/wp-content\/uploads\/2019\/09\/logo.png\",\"contentUrl\":\"https:\/\/www.tdh-valais.ch\/wp-content\/uploads\/2019\/09\/logo.png\",\"width\":165,\"height\":104,\"caption\":\"Maison de Terre des hommes Valais\"},\"image\":{\"@id\":\"https:\/\/www.tdh-valais.ch\/#\/schema\/logo\/image\/\"}}]}<\/script>\n<!-- \/ Yoast SEO Premium plugin. -->","yoast_head_json":{"title":"Datenschutz - Maison de Terre des hommes","robots":{"index":"index","follow":"follow","max-snippet":"max-snippet:-1","max-image-preview":"max-image-preview:large","max-video-preview":"max-video-preview:-1"},"canonical":"https:\/\/www.tdh-valais.ch\/de\/mentions-legales\/","og_locale":"de_DE","og_type":"article","og_title":"Datenschutz","og_description":"Introduction \u00a0La pr\u00e9sente d\u00e9claration de protection des donn\u00e9es s\u2019applique \u00e0 la fondation Terre des hommes Valais (TdhVs) qui g\u00e8re La Maison. Nous accordons la plus grande importance \u00e0 la protection de votre sph\u00e8re priv\u00e9e. Nous respectons votre personnalit\u00e9 ainsi que votre sph\u00e8re priv\u00e9e, et veillons \u00e0 leur protection ainsi qu\u2019\u00e0 un traitement conforme \u00e0 la [&hellip;]","og_url":"https:\/\/www.tdh-valais.ch\/de\/mentions-legales\/","og_site_name":"Maison de Terre des hommes","article_modified_time":"2026-01-30T07:51:39+00:00","twitter_card":"summary_large_image","twitter_misc":{"Gesch\u00e4tzte Lesezeit":"5\u00a0Minuten"},"schema":{"@context":"https:\/\/schema.org","@graph":[{"@type":"WebPage","@id":"https:\/\/www.tdh-valais.ch\/de\/mentions-legales\/","url":"https:\/\/www.tdh-valais.ch\/de\/mentions-legales\/","name":"Datenschutz - Maison de Terre des hommes","isPartOf":{"@id":"https:\/\/www.tdh-valais.ch\/#website"},"datePublished":"2019-05-29T07:37:43+00:00","dateModified":"2026-01-30T07:51:39+00:00","breadcrumb":{"@id":"https:\/\/www.tdh-valais.ch\/de\/mentions-legales\/#breadcrumb"},"inLanguage":"de","potentialAction":[{"@type":"ReadAction","target":["https:\/\/www.tdh-valais.ch\/de\/mentions-legales\/"]}]},{"@type":"BreadcrumbList","@id":"https:\/\/www.tdh-valais.ch\/de\/mentions-legales\/#breadcrumb","itemListElement":[{"@type":"ListItem","position":1,"name":"Home","item":"https:\/\/www.tdh-valais.ch\/de\/"},{"@type":"ListItem","position":2,"name":"Datenschutz"}]},{"@type":"WebSite","@id":"https:\/\/www.tdh-valais.ch\/#website","url":"https:\/\/www.tdh-valais.ch\/","name":"Maison de Terre des hommes","description":"La Maison de Terre des hommes \u00e0 Massongex est un home m\u00e9dicalis\u00e9 qui accueilles des enfants malades venus se faire soigner en Suisse.","publisher":{"@id":"https:\/\/www.tdh-valais.ch\/#organization"},"potentialAction":[{"@type":"SearchAction","target":{"@type":"EntryPoint","urlTemplate":"https:\/\/www.tdh-valais.ch\/?s={search_term_string}"},"query-input":{"@type":"PropertyValueSpecification","valueRequired":true,"valueName":"search_term_string"}}],"inLanguage":"de"},{"@type":"Organization","@id":"https:\/\/www.tdh-valais.ch\/#organization","name":"Maison de Terre des hommes Valais","url":"https:\/\/www.tdh-valais.ch\/","logo":{"@type":"ImageObject","inLanguage":"de","@id":"https:\/\/www.tdh-valais.ch\/#\/schema\/logo\/image\/","url":"https:\/\/www.tdh-valais.ch\/wp-content\/uploads\/2019\/09\/logo.png","contentUrl":"https:\/\/www.tdh-valais.ch\/wp-content\/uploads\/2019\/09\/logo.png","width":165,"height":104,"caption":"Maison de Terre des hommes Valais"},"image":{"@id":"https:\/\/www.tdh-valais.ch\/#\/schema\/logo\/image\/"}}]}},"_links":{"self":[{"href":"https:\/\/www.tdh-valais.ch\/de\/wp-json\/wp\/v2\/pages\/2570","targetHints":{"allow":["GET"]}}],"collection":[{"href":"https:\/\/www.tdh-valais.ch\/de\/wp-json\/wp\/v2\/pages"}],"about":[{"href":"https:\/\/www.tdh-valais.ch\/de\/wp-json\/wp\/v2\/types\/page"}],"author":[{"embeddable":true,"href":"https:\/\/www.tdh-valais.ch\/de\/wp-json\/wp\/v2\/users\/1"}],"replies":[{"embeddable":true,"href":"https:\/\/www.tdh-valais.ch\/de\/wp-json\/wp\/v2\/comments?post=2570"}],"version-history":[{"count":3,"href":"https:\/\/www.tdh-valais.ch\/de\/wp-json\/wp\/v2\/pages\/2570\/revisions"}],"predecessor-version":[{"id":13135,"href":"https:\/\/www.tdh-valais.ch\/de\/wp-json\/wp\/v2\/pages\/2570\/revisions\/13135"}],"wp:attachment":[{"href":"https:\/\/www.tdh-valais.ch\/de\/wp-json\/wp\/v2\/media?parent=2570"}],"curies":[{"name":"wp","href":"https:\/\/api.w.org\/{rel}","templated":true}]}}