{"id":2408,"date":"2019-07-25T08:13:37","date_gmt":"2019-07-25T06:13:37","guid":{"rendered":"https:\/\/www.tdh-valais.ch\/faire-un-don\/"},"modified":"2020-08-27T09:22:09","modified_gmt":"2020-08-27T07:22:09","slug":"eine-spende-machen","status":"publish","type":"page","link":"https:\/\/www.tdh-valais.ch\/de\/eine-spende-machen\/","title":{"rendered":"Eine Spende machen"},"content":{"rendered":"","protected":false},"excerpt":{"rendered":"","protected":false},"author":1,"featured_media":0,"parent":0,"menu_order":0,"comment_status":"closed","ping_status":"closed","template":"template-donate.php","meta":{"_acf_changed":false,"footnotes":""},"class_list":["post-2408","page","type-page","status-publish","hentry"],"acf":[],"yoast_head":"<!-- This site is optimized with the Yoast SEO Premium plugin v26.9 (Yoast SEO v26.9) - https:\/\/yoast.com\/product\/yoast-seo-premium-wordpress\/ -->\n<title>Eine Spende machen - Maison de Terre des hommes<\/title>\n<meta name=\"description\" content=\"La Maison de Terre des hommes wird nicht subventioniert, nur Spenden erm\u00f6glichen die Mission. Ihre finanzielle Unterst\u00fctzung rettet Leben.\" \/>\n<meta name=\"robots\" content=\"index, follow, max-snippet:-1, max-image-preview:large, max-video-preview:-1\" \/>\n<link rel=\"canonical\" href=\"https:\/\/www.tdh-valais.ch\/de\/eine-spende-machen\/\" \/>\n<meta property=\"og:locale\" content=\"de_DE\" \/>\n<meta property=\"og:type\" content=\"article\" \/>\n<meta property=\"og:title\" content=\"Eine Spende machen\" \/>\n<meta property=\"og:description\" content=\"La Maison de Terre des hommes wird nicht subventioniert, nur Spenden erm\u00f6glichen die Mission. Ihre finanzielle Unterst\u00fctzung rettet Leben.\" \/>\n<meta property=\"og:url\" content=\"https:\/\/www.tdh-valais.ch\/de\/eine-spende-machen\/\" \/>\n<meta property=\"og:site_name\" content=\"Maison de Terre des hommes\" \/>\n<meta property=\"article:modified_time\" content=\"2020-08-27T07:22:09+00:00\" \/>\n<meta name=\"twitter:card\" content=\"summary_large_image\" \/>\n<script type=\"application\/ld+json\" class=\"yoast-schema-graph\">{\"@context\":\"https:\/\/schema.org\",\"@graph\":[{\"@type\":\"WebPage\",\"@id\":\"https:\/\/www.tdh-valais.ch\/de\/eine-spende-machen\/\",\"url\":\"https:\/\/www.tdh-valais.ch\/de\/eine-spende-machen\/\",\"name\":\"Eine Spende machen - Maison de Terre des hommes\",\"isPartOf\":{\"@id\":\"https:\/\/www.tdh-valais.ch\/#website\"},\"datePublished\":\"2019-07-25T06:13:37+00:00\",\"dateModified\":\"2020-08-27T07:22:09+00:00\",\"description\":\"La Maison de Terre des hommes wird nicht subventioniert, nur Spenden erm\u00f6glichen die Mission. Ihre finanzielle Unterst\u00fctzung rettet Leben.\",\"breadcrumb\":{\"@id\":\"https:\/\/www.tdh-valais.ch\/de\/eine-spende-machen\/#breadcrumb\"},\"inLanguage\":\"de\",\"potentialAction\":[{\"@type\":\"ReadAction\",\"target\":[\"https:\/\/www.tdh-valais.ch\/de\/eine-spende-machen\/\"]}]},{\"@type\":\"BreadcrumbList\",\"@id\":\"https:\/\/www.tdh-valais.ch\/de\/eine-spende-machen\/#breadcrumb\",\"itemListElement\":[{\"@type\":\"ListItem\",\"position\":1,\"name\":\"Home\",\"item\":\"https:\/\/www.tdh-valais.ch\/de\/\"},{\"@type\":\"ListItem\",\"position\":2,\"name\":\"Eine Spende machen\"}]},{\"@type\":\"WebSite\",\"@id\":\"https:\/\/www.tdh-valais.ch\/#website\",\"url\":\"https:\/\/www.tdh-valais.ch\/\",\"name\":\"Maison de Terre des hommes\",\"description\":\"La Maison de Terre des hommes \u00e0 Massongex est un home m\u00e9dicalis\u00e9 qui accueilles des enfants malades venus se faire soigner en Suisse.\",\"publisher\":{\"@id\":\"https:\/\/www.tdh-valais.ch\/#organization\"},\"potentialAction\":[{\"@type\":\"SearchAction\",\"target\":{\"@type\":\"EntryPoint\",\"urlTemplate\":\"https:\/\/www.tdh-valais.ch\/?s={search_term_string}\"},\"query-input\":{\"@type\":\"PropertyValueSpecification\",\"valueRequired\":true,\"valueName\":\"search_term_string\"}}],\"inLanguage\":\"de\"},{\"@type\":\"Organization\",\"@id\":\"https:\/\/www.tdh-valais.ch\/#organization\",\"name\":\"Maison de Terre des hommes Valais\",\"url\":\"https:\/\/www.tdh-valais.ch\/\",\"logo\":{\"@type\":\"ImageObject\",\"inLanguage\":\"de\",\"@id\":\"https:\/\/www.tdh-valais.ch\/#\/schema\/logo\/image\/\",\"url\":\"https:\/\/www.tdh-valais.ch\/wp-content\/uploads\/2019\/09\/logo.png\",\"contentUrl\":\"https:\/\/www.tdh-valais.ch\/wp-content\/uploads\/2019\/09\/logo.png\",\"width\":165,\"height\":104,\"caption\":\"Maison de Terre des hommes Valais\"},\"image\":{\"@id\":\"https:\/\/www.tdh-valais.ch\/#\/schema\/logo\/image\/\"}}]}<\/script>\n<!-- \/ Yoast SEO Premium plugin. -->","yoast_head_json":{"title":"Eine Spende machen - Maison de Terre des hommes","description":"La Maison de Terre des hommes wird nicht subventioniert, nur Spenden erm\u00f6glichen die Mission. Ihre finanzielle Unterst\u00fctzung rettet Leben.","robots":{"index":"index","follow":"follow","max-snippet":"max-snippet:-1","max-image-preview":"max-image-preview:large","max-video-preview":"max-video-preview:-1"},"canonical":"https:\/\/www.tdh-valais.ch\/de\/eine-spende-machen\/","og_locale":"de_DE","og_type":"article","og_title":"Eine Spende machen","og_description":"La Maison de Terre des hommes wird nicht subventioniert, nur Spenden erm\u00f6glichen die Mission. Ihre finanzielle Unterst\u00fctzung rettet Leben.","og_url":"https:\/\/www.tdh-valais.ch\/de\/eine-spende-machen\/","og_site_name":"Maison de Terre des hommes","article_modified_time":"2020-08-27T07:22:09+00:00","twitter_card":"summary_large_image","schema":{"@context":"https:\/\/schema.org","@graph":[{"@type":"WebPage","@id":"https:\/\/www.tdh-valais.ch\/de\/eine-spende-machen\/","url":"https:\/\/www.tdh-valais.ch\/de\/eine-spende-machen\/","name":"Eine Spende machen - Maison de Terre des hommes","isPartOf":{"@id":"https:\/\/www.tdh-valais.ch\/#website"},"datePublished":"2019-07-25T06:13:37+00:00","dateModified":"2020-08-27T07:22:09+00:00","description":"La Maison de Terre des hommes wird nicht subventioniert, nur Spenden erm\u00f6glichen die Mission. Ihre finanzielle Unterst\u00fctzung rettet Leben.","breadcrumb":{"@id":"https:\/\/www.tdh-valais.ch\/de\/eine-spende-machen\/#breadcrumb"},"inLanguage":"de","potentialAction":[{"@type":"ReadAction","target":["https:\/\/www.tdh-valais.ch\/de\/eine-spende-machen\/"]}]},{"@type":"BreadcrumbList","@id":"https:\/\/www.tdh-valais.ch\/de\/eine-spende-machen\/#breadcrumb","itemListElement":[{"@type":"ListItem","position":1,"name":"Home","item":"https:\/\/www.tdh-valais.ch\/de\/"},{"@type":"ListItem","position":2,"name":"Eine Spende machen"}]},{"@type":"WebSite","@id":"https:\/\/www.tdh-valais.ch\/#website","url":"https:\/\/www.tdh-valais.ch\/","name":"Maison de Terre des hommes","description":"La Maison de Terre des hommes \u00e0 Massongex est un home m\u00e9dicalis\u00e9 qui accueilles des enfants malades venus se faire soigner en Suisse.","publisher":{"@id":"https:\/\/www.tdh-valais.ch\/#organization"},"potentialAction":[{"@type":"SearchAction","target":{"@type":"EntryPoint","urlTemplate":"https:\/\/www.tdh-valais.ch\/?s={search_term_string}"},"query-input":{"@type":"PropertyValueSpecification","valueRequired":true,"valueName":"search_term_string"}}],"inLanguage":"de"},{"@type":"Organization","@id":"https:\/\/www.tdh-valais.ch\/#organization","name":"Maison de Terre des hommes Valais","url":"https:\/\/www.tdh-valais.ch\/","logo":{"@type":"ImageObject","inLanguage":"de","@id":"https:\/\/www.tdh-valais.ch\/#\/schema\/logo\/image\/","url":"https:\/\/www.tdh-valais.ch\/wp-content\/uploads\/2019\/09\/logo.png","contentUrl":"https:\/\/www.tdh-valais.ch\/wp-content\/uploads\/2019\/09\/logo.png","width":165,"height":104,"caption":"Maison de Terre des hommes Valais"},"image":{"@id":"https:\/\/www.tdh-valais.ch\/#\/schema\/logo\/image\/"}}]}},"_links":{"self":[{"href":"https:\/\/www.tdh-valais.ch\/de\/wp-json\/wp\/v2\/pages\/2408","targetHints":{"allow":["GET"]}}],"collection":[{"href":"https:\/\/www.tdh-valais.ch\/de\/wp-json\/wp\/v2\/pages"}],"about":[{"href":"https:\/\/www.tdh-valais.ch\/de\/wp-json\/wp\/v2\/types\/page"}],"author":[{"embeddable":true,"href":"https:\/\/www.tdh-valais.ch\/de\/wp-json\/wp\/v2\/users\/1"}],"replies":[{"embeddable":true,"href":"https:\/\/www.tdh-valais.ch\/de\/wp-json\/wp\/v2\/comments?post=2408"}],"version-history":[{"count":1,"href":"https:\/\/www.tdh-valais.ch\/de\/wp-json\/wp\/v2\/pages\/2408\/revisions"}],"predecessor-version":[{"id":2410,"href":"https:\/\/www.tdh-valais.ch\/de\/wp-json\/wp\/v2\/pages\/2408\/revisions\/2410"}],"wp:attachment":[{"href":"https:\/\/www.tdh-valais.ch\/de\/wp-json\/wp\/v2\/media?parent=2408"}],"curies":[{"name":"wp","href":"https:\/\/api.w.org\/{rel}","templated":true}]}}