{"id":2387,"date":"2019-05-17T14:42:36","date_gmt":"2019-05-17T12:42:36","guid":{"rendered":"https:\/\/www.tdh-valais.ch\/inscription-benevolat\/"},"modified":"2020-08-27T10:00:36","modified_gmt":"2020-08-27T08:00:36","slug":"freiwilligenformular","status":"publish","type":"page","link":"https:\/\/www.tdh-valais.ch\/de\/freiwilligenformular\/","title":{"rendered":"Freiwilligenformular"},"content":{"rendered":"","protected":false},"excerpt":{"rendered":"","protected":false},"author":1,"featured_media":0,"parent":0,"menu_order":0,"comment_status":"closed","ping_status":"closed","template":"template-volunteering-form.php","meta":{"_acf_changed":false,"footnotes":""},"class_list":["post-2387","page","type-page","status-publish","hentry"],"acf":[],"yoast_head":"<!-- This site is optimized with the Yoast SEO Premium plugin v26.9 (Yoast SEO v26.9) - https:\/\/yoast.com\/product\/yoast-seo-premium-wordpress\/ -->\n<title>Freiwilligenformular - Maison de Terre des hommes<\/title>\n<meta name=\"description\" content=\"M\u00f6chten Sie La Maison Ihre Zeit und F\u00e4higkeiten zur Verf\u00fcgung stellen? Informieren Sie sich \u00fcber das Ehrenamt und engagieren Sie sich bei uns.\" \/>\n<meta name=\"robots\" content=\"index, follow, max-snippet:-1, max-image-preview:large, max-video-preview:-1\" \/>\n<link rel=\"canonical\" href=\"https:\/\/www.tdh-valais.ch\/de\/freiwilligenformular\/\" \/>\n<meta property=\"og:locale\" content=\"de_DE\" \/>\n<meta property=\"og:type\" content=\"article\" \/>\n<meta property=\"og:title\" content=\"Freiwilligenformular\" \/>\n<meta property=\"og:description\" content=\"M\u00f6chten Sie La Maison Ihre Zeit und F\u00e4higkeiten zur Verf\u00fcgung stellen? Informieren Sie sich \u00fcber das Ehrenamt und engagieren Sie sich bei uns.\" \/>\n<meta property=\"og:url\" content=\"https:\/\/www.tdh-valais.ch\/de\/freiwilligenformular\/\" \/>\n<meta property=\"og:site_name\" content=\"Maison de Terre des hommes\" \/>\n<meta property=\"article:modified_time\" content=\"2020-08-27T08:00:36+00:00\" \/>\n<meta name=\"twitter:card\" content=\"summary_large_image\" \/>\n<script type=\"application\/ld+json\" class=\"yoast-schema-graph\">{\"@context\":\"https:\/\/schema.org\",\"@graph\":[{\"@type\":\"WebPage\",\"@id\":\"https:\/\/www.tdh-valais.ch\/de\/freiwilligenformular\/\",\"url\":\"https:\/\/www.tdh-valais.ch\/de\/freiwilligenformular\/\",\"name\":\"Freiwilligenformular - Maison de Terre des hommes\",\"isPartOf\":{\"@id\":\"https:\/\/www.tdh-valais.ch\/#website\"},\"datePublished\":\"2019-05-17T12:42:36+00:00\",\"dateModified\":\"2020-08-27T08:00:36+00:00\",\"description\":\"M\u00f6chten Sie La Maison Ihre Zeit und F\u00e4higkeiten zur Verf\u00fcgung stellen? Informieren Sie sich \u00fcber das Ehrenamt und engagieren Sie sich bei uns.\",\"breadcrumb\":{\"@id\":\"https:\/\/www.tdh-valais.ch\/de\/freiwilligenformular\/#breadcrumb\"},\"inLanguage\":\"de\",\"potentialAction\":[{\"@type\":\"ReadAction\",\"target\":[\"https:\/\/www.tdh-valais.ch\/de\/freiwilligenformular\/\"]}]},{\"@type\":\"BreadcrumbList\",\"@id\":\"https:\/\/www.tdh-valais.ch\/de\/freiwilligenformular\/#breadcrumb\",\"itemListElement\":[{\"@type\":\"ListItem\",\"position\":1,\"name\":\"Home\",\"item\":\"https:\/\/www.tdh-valais.ch\/de\/\"},{\"@type\":\"ListItem\",\"position\":2,\"name\":\"Freiwilligenformular\"}]},{\"@type\":\"WebSite\",\"@id\":\"https:\/\/www.tdh-valais.ch\/#website\",\"url\":\"https:\/\/www.tdh-valais.ch\/\",\"name\":\"Maison de Terre des hommes\",\"description\":\"La Maison de Terre des hommes \u00e0 Massongex est un home m\u00e9dicalis\u00e9 qui accueilles des enfants malades venus se faire soigner en Suisse.\",\"publisher\":{\"@id\":\"https:\/\/www.tdh-valais.ch\/#organization\"},\"potentialAction\":[{\"@type\":\"SearchAction\",\"target\":{\"@type\":\"EntryPoint\",\"urlTemplate\":\"https:\/\/www.tdh-valais.ch\/?s={search_term_string}\"},\"query-input\":{\"@type\":\"PropertyValueSpecification\",\"valueRequired\":true,\"valueName\":\"search_term_string\"}}],\"inLanguage\":\"de\"},{\"@type\":\"Organization\",\"@id\":\"https:\/\/www.tdh-valais.ch\/#organization\",\"name\":\"Maison de Terre des hommes Valais\",\"url\":\"https:\/\/www.tdh-valais.ch\/\",\"logo\":{\"@type\":\"ImageObject\",\"inLanguage\":\"de\",\"@id\":\"https:\/\/www.tdh-valais.ch\/#\/schema\/logo\/image\/\",\"url\":\"https:\/\/www.tdh-valais.ch\/wp-content\/uploads\/2019\/09\/logo.png\",\"contentUrl\":\"https:\/\/www.tdh-valais.ch\/wp-content\/uploads\/2019\/09\/logo.png\",\"width\":165,\"height\":104,\"caption\":\"Maison de Terre des hommes Valais\"},\"image\":{\"@id\":\"https:\/\/www.tdh-valais.ch\/#\/schema\/logo\/image\/\"}}]}<\/script>\n<!-- \/ Yoast SEO Premium plugin. -->","yoast_head_json":{"title":"Freiwilligenformular - Maison de Terre des hommes","description":"M\u00f6chten Sie La Maison Ihre Zeit und F\u00e4higkeiten zur Verf\u00fcgung stellen? Informieren Sie sich \u00fcber das Ehrenamt und engagieren Sie sich bei uns.","robots":{"index":"index","follow":"follow","max-snippet":"max-snippet:-1","max-image-preview":"max-image-preview:large","max-video-preview":"max-video-preview:-1"},"canonical":"https:\/\/www.tdh-valais.ch\/de\/freiwilligenformular\/","og_locale":"de_DE","og_type":"article","og_title":"Freiwilligenformular","og_description":"M\u00f6chten Sie La Maison Ihre Zeit und F\u00e4higkeiten zur Verf\u00fcgung stellen? Informieren Sie sich \u00fcber das Ehrenamt und engagieren Sie sich bei uns.","og_url":"https:\/\/www.tdh-valais.ch\/de\/freiwilligenformular\/","og_site_name":"Maison de Terre des hommes","article_modified_time":"2020-08-27T08:00:36+00:00","twitter_card":"summary_large_image","schema":{"@context":"https:\/\/schema.org","@graph":[{"@type":"WebPage","@id":"https:\/\/www.tdh-valais.ch\/de\/freiwilligenformular\/","url":"https:\/\/www.tdh-valais.ch\/de\/freiwilligenformular\/","name":"Freiwilligenformular - Maison de Terre des hommes","isPartOf":{"@id":"https:\/\/www.tdh-valais.ch\/#website"},"datePublished":"2019-05-17T12:42:36+00:00","dateModified":"2020-08-27T08:00:36+00:00","description":"M\u00f6chten Sie La Maison Ihre Zeit und F\u00e4higkeiten zur Verf\u00fcgung stellen? Informieren Sie sich \u00fcber das Ehrenamt und engagieren Sie sich bei uns.","breadcrumb":{"@id":"https:\/\/www.tdh-valais.ch\/de\/freiwilligenformular\/#breadcrumb"},"inLanguage":"de","potentialAction":[{"@type":"ReadAction","target":["https:\/\/www.tdh-valais.ch\/de\/freiwilligenformular\/"]}]},{"@type":"BreadcrumbList","@id":"https:\/\/www.tdh-valais.ch\/de\/freiwilligenformular\/#breadcrumb","itemListElement":[{"@type":"ListItem","position":1,"name":"Home","item":"https:\/\/www.tdh-valais.ch\/de\/"},{"@type":"ListItem","position":2,"name":"Freiwilligenformular"}]},{"@type":"WebSite","@id":"https:\/\/www.tdh-valais.ch\/#website","url":"https:\/\/www.tdh-valais.ch\/","name":"Maison de Terre des hommes","description":"La Maison de Terre des hommes \u00e0 Massongex est un home m\u00e9dicalis\u00e9 qui accueilles des enfants malades venus se faire soigner en Suisse.","publisher":{"@id":"https:\/\/www.tdh-valais.ch\/#organization"},"potentialAction":[{"@type":"SearchAction","target":{"@type":"EntryPoint","urlTemplate":"https:\/\/www.tdh-valais.ch\/?s={search_term_string}"},"query-input":{"@type":"PropertyValueSpecification","valueRequired":true,"valueName":"search_term_string"}}],"inLanguage":"de"},{"@type":"Organization","@id":"https:\/\/www.tdh-valais.ch\/#organization","name":"Maison de Terre des hommes Valais","url":"https:\/\/www.tdh-valais.ch\/","logo":{"@type":"ImageObject","inLanguage":"de","@id":"https:\/\/www.tdh-valais.ch\/#\/schema\/logo\/image\/","url":"https:\/\/www.tdh-valais.ch\/wp-content\/uploads\/2019\/09\/logo.png","contentUrl":"https:\/\/www.tdh-valais.ch\/wp-content\/uploads\/2019\/09\/logo.png","width":165,"height":104,"caption":"Maison de Terre des hommes Valais"},"image":{"@id":"https:\/\/www.tdh-valais.ch\/#\/schema\/logo\/image\/"}}]}},"_links":{"self":[{"href":"https:\/\/www.tdh-valais.ch\/de\/wp-json\/wp\/v2\/pages\/2387","targetHints":{"allow":["GET"]}}],"collection":[{"href":"https:\/\/www.tdh-valais.ch\/de\/wp-json\/wp\/v2\/pages"}],"about":[{"href":"https:\/\/www.tdh-valais.ch\/de\/wp-json\/wp\/v2\/types\/page"}],"author":[{"embeddable":true,"href":"https:\/\/www.tdh-valais.ch\/de\/wp-json\/wp\/v2\/users\/1"}],"replies":[{"embeddable":true,"href":"https:\/\/www.tdh-valais.ch\/de\/wp-json\/wp\/v2\/comments?post=2387"}],"version-history":[{"count":1,"href":"https:\/\/www.tdh-valais.ch\/de\/wp-json\/wp\/v2\/pages\/2387\/revisions"}],"predecessor-version":[{"id":2388,"href":"https:\/\/www.tdh-valais.ch\/de\/wp-json\/wp\/v2\/pages\/2387\/revisions\/2388"}],"wp:attachment":[{"href":"https:\/\/www.tdh-valais.ch\/de\/wp-json\/wp\/v2\/media?parent=2387"}],"curies":[{"name":"wp","href":"https:\/\/api.w.org\/{rel}","templated":true}]}}