{"id":13122,"date":"2021-08-30T14:06:55","date_gmt":"2021-08-30T12:06:55","guid":{"rendered":"https:\/\/www.tdh-valais.ch\/parrainer-la-maison\/"},"modified":"2026-01-30T10:17:48","modified_gmt":"2026-01-30T09:17:48","slug":"patenschaft-la-maison","status":"publish","type":"page","link":"https:\/\/www.tdh-valais.ch\/de\/patenschaft-la-maison\/","title":{"rendered":"Werden Sie Pate von La Maison: Retten Sie Leben, bewirken Sie etwas"},"content":{"rendered":"\n<p>Schliessen Sie sich uns an und werden Sie zu einem wichtigen Akteur bei der Rettung kranker Kinder.<\/p>\n\n\n\n<p>La Maison nimmt kranke Kinder auf, die haupts\u00e4chlich aus Afrika stammen und zur Behandlung in die Schweiz gebracht werden. Dort werden sie vor und nach ihrem Krankenhausaufenthalt untergebracht und versorgt. Anschliessend kehren sie nach Hause zur\u00fcck.<a href=\"https:\/\/www.tdh-valais.ch\/article\/foire-du-valais-2023-un-veritable-succes\/\"><\/a><\/p>\n\n\n\n<div class=\"wp-block-columns has-black-color has-text-color is-layout-flex wp-container-core-columns-is-layout-9d6595d7 wp-block-columns-is-layout-flex\">\n<div class=\"wp-block-column is-layout-flow wp-block-column-is-layout-flow\" style=\"flex-basis:100%\">\n<div class=\"wp-block-buttons is-horizontal is-content-justification-center is-layout-flex wp-container-core-buttons-is-layout-499968f5 wp-block-buttons-is-layout-flex\">\n<div class=\"wp-block-button is-style-fill\"><a class=\"wp-block-button__link has-white-color has-luminous-vivid-amber-to-luminous-vivid-orange-gradient-background has-text-color has-background has-medium-font-size has-custom-font-size wp-element-button\" href=\"https:\/\/zfrmz.eu\/EEkmN0gLPXfAsMdNzSzG\">Ich werde Pate von La Maison<\/a><\/div>\n<\/div>\n<\/div>\n<\/div>\n\n\n\n<h4 class=\"wp-block-heading\" id=\"h-warum-pate-von-la-maison-werden\"><strong>Warum Pate von La Maison werden?<\/strong><\/h4>\n\n\n\n<p>Jede Patenschaft tr\u00e4gt dazu bei, jedes Jahr 180 bis 200 neue Kinder in der Schweiz zu retten.<\/p>\n\n\n\n<h4 class=\"wp-block-heading\" id=\"h-kindern-lebenswichtige-medizinische-hilfe-bieten\"><strong>Kindern lebenswichtige medizinische Hilfe bieten<\/strong><\/h4>\n\n\n\n<p>85 % der aufgenommenen Kinder leiden an Herzerkrankungen. Seit \u00fcber 50 Jahren bietet La Maison Kindern vor und nach ihren Operationen in den Universit\u00e4tskliniken von Genf (HUG) und Lausanne (CHUV), unseren langj\u00e4hrigen <a href=\"https:\/\/www.tdh-valais.ch\/de\/partenaires\/\">Partnern<\/a>, eine liebevolle Unterkunft und Pflege. <\/p>\n\n\n\n<h4 class=\"wp-block-heading\" id=\"h-setzen-sie-ihre-grosszugigkeit-in-die-tat-um\"><strong>Setzen Sie Ihre Grossz\u00fcgigkeit in die Tat um!<\/strong><\/h4>\n\n\n\n<p>Verwandeln Sie mit Ihren Spenden Hilferufe in L\u00e4cheln. Jedes Kind, das in La Maison aufgenommen wird, profitiert von Ihrer Unterst\u00fctzung, die Hoffnung in Heilung verwandelt.<\/p>\n\n\n\n<h4 class=\"wp-block-heading\" id=\"h-ganz-nach-ihrem-belieben\"><strong>Ganz nach Ihrem Belieben<\/strong><\/h4>\n\n\n\n<p>Die H\u00f6he und H\u00e4ufigkeit der Zahlungen k\u00f6nnen Sie ganz nach Ihrem Belieben festlegen. Wenn Sie eine Patenschaft f\u00fcr La Maison \u00fcbernehmen, erhalten Sie j\u00e4hrlich Einzahlungsscheine mit einer Referenznummer.<\/p>\n\n\n\n<p id=\"h-\">Um unn\u00f6tige Kosten zu vermeiden, bedanken wir uns nicht bei jeder Zahlung bei unseren Paten, aber Sie k\u00f6nnen jederzeit eine Quittung oder eine Empfangsbest\u00e4tigung anfordern. Zu Beginn jedes Jahres erhalten Sie eine Bescheinigung f\u00fcr Ihre Steuererkl\u00e4rung.<\/p>\n\n\n\n<div class=\"wp-block-buttons is-content-justification-center is-layout-flex wp-container-core-buttons-is-layout-16018d1d wp-block-buttons-is-layout-flex\">\n<div class=\"wp-block-button\"><a class=\"wp-block-button__link has-luminous-vivid-amber-to-luminous-vivid-orange-gradient-background has-background has-text-align-center wp-element-button\" href=\"https:\/\/zfrmz.eu\/EEkmN0gLPXfAsMdNzSzG\">Schon mit 10 Franken pro Monat, <br>retten Sie Leben!<\/a><\/div>\n<\/div>\n\n\n\n<p><\/p>\n\n\n<figure id=\"attachment_9258\" aria-describedby=\"caption-attachment-9258\" style=\"width: 352px\" class=\"wp-caption alignnone\"><img loading=\"lazy\" decoding=\"async\" class=\"wp-image-9258\" src=\"https:\/\/www.tdh-valais.ch\/wp-content\/uploads\/2023\/11\/couvert-bois-noir-2018-carre-300x300.jpeg\" alt=\"\" width=\"352\" height=\"352\" srcset=\"https:\/\/www.tdh-valais.ch\/wp-content\/uploads\/2023\/11\/couvert-bois-noir-2018-carre-300x300.jpeg 300w, https:\/\/www.tdh-valais.ch\/wp-content\/uploads\/2023\/11\/couvert-bois-noir-2018-carre-1024x1024.jpeg 1024w, https:\/\/www.tdh-valais.ch\/wp-content\/uploads\/2023\/11\/couvert-bois-noir-2018-carre-150x150.jpeg 150w, https:\/\/www.tdh-valais.ch\/wp-content\/uploads\/2023\/11\/couvert-bois-noir-2018-carre-768x768.jpeg 768w, https:\/\/www.tdh-valais.ch\/wp-content\/uploads\/2023\/11\/couvert-bois-noir-2018-carre-1536x1536.jpeg 1536w, https:\/\/www.tdh-valais.ch\/wp-content\/uploads\/2023\/11\/couvert-bois-noir-2018-carre-2048x2048.jpeg 2048w\" sizes=\"auto, (max-width: 352px) 100vw, 352px\" \/><figcaption id=\"caption-attachment-9258\" class=\"wp-caption-text\">Kinder, die in La Maison aufgenommen werden<\/figcaption><\/figure>\n\n\n<h4 class=\"wp-block-heading\" id=\"h-eine-aktion-im-einklang-mit-den-rechten-des-kindes\"><strong>Eine Aktion im Einklang mit den Rechten des Kindes<\/strong><\/h4>\n\n\n\n<p id=\"h-bleiben-sie-mit-unserer-arbeit-in-verbindung\">Die Mission von La Maison steht in vollem Einklang mit den Rechten des Kindes. Die Konvention bleibt unser Massstab f\u00fcr eine respektvolle Betreuung der Kinder und ihrer W\u00fcrde.<\/p>\n\n\n\n<h4 class=\"wp-block-heading\" id=\"h-bleiben-sie-mit-unserer-arbeit-in-verbindung\"><strong>Bleiben Sie mit unserer Arbeit in Verbindung<\/strong><\/h4>\n\n\n\n<p>Als Pate erhalten Sie viermal im Jahr die Zeitschrift von La Maison. Jede Ausgabe der Zeitschrift bietet Ihnen einen detaillierten Einblick in das Leben von La Maison, Lebensgeschichten der Kinder, die Sie unterst\u00fctzen, und Neuigkeiten zu unseren Partnerschaften und Kooperationen.<\/p>\n\n\n\n<p><\/p>\n\n\n\n<div class=\"wp-block-buttons is-content-justification-center is-layout-flex wp-container-core-buttons-is-layout-16018d1d wp-block-buttons-is-layout-flex\">\n<div class=\"wp-block-button\"><a class=\"wp-block-button__link has-luminous-vivid-amber-to-luminous-vivid-orange-gradient-background has-background has-text-align-center wp-element-button\" href=\"https:\/\/www.tdh-valais.ch\/de\/newsletter-anmeldenformular\/\">Melden Sie sich f\u00fcr den Newsletter an<\/a><\/div>\n<\/div>\n\n\n\n<p><\/p>\n\n\n\n<div class=\"wp-block-buttons is-content-justification-center is-layout-flex wp-container-core-buttons-is-layout-16018d1d wp-block-buttons-is-layout-flex\">\n<div class=\"wp-block-button is-style-fill\"><a class=\"wp-block-button__link has-luminous-vivid-amber-to-luminous-vivid-orange-gradient-background has-background has-text-align-center wp-element-button\" href=\"https:\/\/www.tdh-valais.ch\/de\/sabonner-au-journal\/\">Erhalten Sie die Zeitschrift von La Maison kostenlos und unverbindlich<\/a><\/div>\n<\/div>\n","protected":false},"excerpt":{"rendered":"<p>Schliessen Sie sich uns an und werden Sie zu einem wichtigen Akteur bei der Rettung kranker Kinder. La Maison nimmt kranke Kinder auf, die haupts\u00e4chlich aus Afrika stammen und zur Behandlung in die Schweiz gebracht werden. Dort werden sie vor und nach ihrem Krankenhausaufenthalt untergebracht und versorgt. Anschliessend kehren sie nach Hause zur\u00fcck. Warum Pate [&hellip;]<\/p>\n","protected":false},"author":2,"featured_media":0,"parent":0,"menu_order":0,"comment_status":"closed","ping_status":"closed","template":"","meta":{"_acf_changed":false,"footnotes":""},"class_list":["post-13122","page","type-page","status-publish","hentry"],"acf":[],"yoast_head":"<!-- This site is optimized with the Yoast SEO Premium plugin v27.4 (Yoast SEO v27.4) - https:\/\/yoast.com\/product\/yoast-seo-premium-wordpress\/ -->\n<title>Werden Sie Pate von La Maison: Retten Sie Leben, bewirken Sie etwas<\/title>\n<meta name=\"description\" content=\"La Maison zu unterst\u00fctzen bedeutet, einen Beitrag zur Fortf\u00fchrung seiner Mission zu leisten: schwer kranke Kinder zu retten.\" \/>\n<meta name=\"robots\" content=\"index, follow, max-snippet:-1, max-image-preview:large, max-video-preview:-1\" \/>\n<link rel=\"canonical\" href=\"https:\/\/www.tdh-valais.ch\/de\/patenschaft-la-maison\/\" \/>\n<meta property=\"og:locale\" content=\"de_DE\" \/>\n<meta property=\"og:type\" content=\"article\" \/>\n<meta property=\"og:title\" content=\"Werden Sie Pate von La Maison: Retten Sie Leben, bewirken Sie etwas\" \/>\n<meta property=\"og:description\" content=\"La Maison zu unterst\u00fctzen bedeutet, einen Beitrag zur Fortf\u00fchrung seiner Mission zu leisten: schwer kranke Kinder zu retten.\" \/>\n<meta property=\"og:url\" content=\"https:\/\/www.tdh-valais.ch\/de\/patenschaft-la-maison\/\" \/>\n<meta property=\"og:site_name\" content=\"Maison de Terre des hommes\" \/>\n<meta property=\"article:modified_time\" content=\"2026-01-30T09:17:48+00:00\" \/>\n<meta property=\"og:image\" content=\"https:\/\/www.tdh-valais.ch\/wp-content\/uploads\/2023\/11\/couvert-bois-noir-2018-carre.jpeg\" \/>\n\t<meta property=\"og:image:width\" content=\"2799\" \/>\n\t<meta property=\"og:image:height\" content=\"2799\" \/>\n\t<meta property=\"og:image:type\" content=\"image\/jpeg\" \/>\n<meta name=\"twitter:card\" content=\"summary_large_image\" \/>\n<meta name=\"twitter:label1\" content=\"Gesch\u00e4tzte Lesezeit\" \/>\n\t<meta name=\"twitter:data1\" content=\"2\u00a0Minuten\" \/>\n<script type=\"application\/ld+json\" class=\"yoast-schema-graph\">{\"@context\":\"https:\\\/\\\/schema.org\",\"@graph\":[{\"@type\":\"WebPage\",\"@id\":\"https:\\\/\\\/www.tdh-valais.ch\\\/de\\\/patenschaft-la-maison\\\/\",\"url\":\"https:\\\/\\\/www.tdh-valais.ch\\\/de\\\/patenschaft-la-maison\\\/\",\"name\":\"Werden Sie Pate von La Maison: Retten Sie Leben, bewirken Sie etwas\",\"isPartOf\":{\"@id\":\"https:\\\/\\\/www.tdh-valais.ch\\\/#website\"},\"primaryImageOfPage\":{\"@id\":\"https:\\\/\\\/www.tdh-valais.ch\\\/de\\\/patenschaft-la-maison\\\/#primaryimage\"},\"image\":{\"@id\":\"https:\\\/\\\/www.tdh-valais.ch\\\/de\\\/patenschaft-la-maison\\\/#primaryimage\"},\"thumbnailUrl\":\"https:\\\/\\\/www.tdh-valais.ch\\\/wp-content\\\/uploads\\\/2023\\\/11\\\/couvert-bois-noir-2018-carre-300x300.jpeg\",\"datePublished\":\"2021-08-30T12:06:55+00:00\",\"dateModified\":\"2026-01-30T09:17:48+00:00\",\"description\":\"La Maison zu unterst\u00fctzen bedeutet, einen Beitrag zur Fortf\u00fchrung seiner Mission zu leisten: schwer kranke Kinder zu retten.\",\"breadcrumb\":{\"@id\":\"https:\\\/\\\/www.tdh-valais.ch\\\/de\\\/patenschaft-la-maison\\\/#breadcrumb\"},\"inLanguage\":\"de\",\"potentialAction\":[{\"@type\":\"ReadAction\",\"target\":[\"https:\\\/\\\/www.tdh-valais.ch\\\/de\\\/patenschaft-la-maison\\\/\"]}]},{\"@type\":\"ImageObject\",\"inLanguage\":\"de\",\"@id\":\"https:\\\/\\\/www.tdh-valais.ch\\\/de\\\/patenschaft-la-maison\\\/#primaryimage\",\"url\":\"https:\\\/\\\/www.tdh-valais.ch\\\/wp-content\\\/uploads\\\/2023\\\/11\\\/couvert-bois-noir-2018-carre-300x300.jpeg\",\"contentUrl\":\"https:\\\/\\\/www.tdh-valais.ch\\\/wp-content\\\/uploads\\\/2023\\\/11\\\/couvert-bois-noir-2018-carre-300x300.jpeg\"},{\"@type\":\"BreadcrumbList\",\"@id\":\"https:\\\/\\\/www.tdh-valais.ch\\\/de\\\/patenschaft-la-maison\\\/#breadcrumb\",\"itemListElement\":[{\"@type\":\"ListItem\",\"position\":1,\"name\":\"Home\",\"item\":\"https:\\\/\\\/www.tdh-valais.ch\\\/de\\\/\"},{\"@type\":\"ListItem\",\"position\":2,\"name\":\"Werden Sie Pate von La Maison: Retten Sie Leben, bewirken Sie etwas\"}]},{\"@type\":\"WebSite\",\"@id\":\"https:\\\/\\\/www.tdh-valais.ch\\\/#website\",\"url\":\"https:\\\/\\\/www.tdh-valais.ch\\\/\",\"name\":\"Maison de Terre des hommes\",\"description\":\"La Maison de Terre des hommes \u00e0 Massongex est un home m\u00e9dicalis\u00e9 qui accueilles des enfants malades venus se faire soigner en Suisse.\",\"publisher\":{\"@id\":\"https:\\\/\\\/www.tdh-valais.ch\\\/#organization\"},\"potentialAction\":[{\"@type\":\"SearchAction\",\"target\":{\"@type\":\"EntryPoint\",\"urlTemplate\":\"https:\\\/\\\/www.tdh-valais.ch\\\/?s={search_term_string}\"},\"query-input\":{\"@type\":\"PropertyValueSpecification\",\"valueRequired\":true,\"valueName\":\"search_term_string\"}}],\"inLanguage\":\"de\"},{\"@type\":\"Organization\",\"@id\":\"https:\\\/\\\/www.tdh-valais.ch\\\/#organization\",\"name\":\"Maison de Terre des hommes Valais\",\"url\":\"https:\\\/\\\/www.tdh-valais.ch\\\/\",\"logo\":{\"@type\":\"ImageObject\",\"inLanguage\":\"de\",\"@id\":\"https:\\\/\\\/www.tdh-valais.ch\\\/#\\\/schema\\\/logo\\\/image\\\/\",\"url\":\"https:\\\/\\\/www.tdh-valais.ch\\\/wp-content\\\/uploads\\\/2019\\\/09\\\/logo.png\",\"contentUrl\":\"https:\\\/\\\/www.tdh-valais.ch\\\/wp-content\\\/uploads\\\/2019\\\/09\\\/logo.png\",\"width\":165,\"height\":104,\"caption\":\"Maison de Terre des hommes Valais\"},\"image\":{\"@id\":\"https:\\\/\\\/www.tdh-valais.ch\\\/#\\\/schema\\\/logo\\\/image\\\/\"}}]}<\/script>\n<!-- \/ Yoast SEO Premium plugin. -->","yoast_head_json":{"title":"Werden Sie Pate von La Maison: Retten Sie Leben, bewirken Sie etwas","description":"La Maison zu unterst\u00fctzen bedeutet, einen Beitrag zur Fortf\u00fchrung seiner Mission zu leisten: schwer kranke Kinder zu retten.","robots":{"index":"index","follow":"follow","max-snippet":"max-snippet:-1","max-image-preview":"max-image-preview:large","max-video-preview":"max-video-preview:-1"},"canonical":"https:\/\/www.tdh-valais.ch\/de\/patenschaft-la-maison\/","og_locale":"de_DE","og_type":"article","og_title":"Werden Sie Pate von La Maison: Retten Sie Leben, bewirken Sie etwas","og_description":"La Maison zu unterst\u00fctzen bedeutet, einen Beitrag zur Fortf\u00fchrung seiner Mission zu leisten: schwer kranke Kinder zu retten.","og_url":"https:\/\/www.tdh-valais.ch\/de\/patenschaft-la-maison\/","og_site_name":"Maison de Terre des hommes","article_modified_time":"2026-01-30T09:17:48+00:00","og_image":[{"width":2799,"height":2799,"url":"https:\/\/www.tdh-valais.ch\/wp-content\/uploads\/2023\/11\/couvert-bois-noir-2018-carre.jpeg","type":"image\/jpeg"}],"twitter_card":"summary_large_image","twitter_misc":{"Gesch\u00e4tzte Lesezeit":"2\u00a0Minuten"},"schema":{"@context":"https:\/\/schema.org","@graph":[{"@type":"WebPage","@id":"https:\/\/www.tdh-valais.ch\/de\/patenschaft-la-maison\/","url":"https:\/\/www.tdh-valais.ch\/de\/patenschaft-la-maison\/","name":"Werden Sie Pate von La Maison: Retten Sie Leben, bewirken Sie etwas","isPartOf":{"@id":"https:\/\/www.tdh-valais.ch\/#website"},"primaryImageOfPage":{"@id":"https:\/\/www.tdh-valais.ch\/de\/patenschaft-la-maison\/#primaryimage"},"image":{"@id":"https:\/\/www.tdh-valais.ch\/de\/patenschaft-la-maison\/#primaryimage"},"thumbnailUrl":"https:\/\/www.tdh-valais.ch\/wp-content\/uploads\/2023\/11\/couvert-bois-noir-2018-carre-300x300.jpeg","datePublished":"2021-08-30T12:06:55+00:00","dateModified":"2026-01-30T09:17:48+00:00","description":"La Maison zu unterst\u00fctzen bedeutet, einen Beitrag zur Fortf\u00fchrung seiner Mission zu leisten: schwer kranke Kinder zu retten.","breadcrumb":{"@id":"https:\/\/www.tdh-valais.ch\/de\/patenschaft-la-maison\/#breadcrumb"},"inLanguage":"de","potentialAction":[{"@type":"ReadAction","target":["https:\/\/www.tdh-valais.ch\/de\/patenschaft-la-maison\/"]}]},{"@type":"ImageObject","inLanguage":"de","@id":"https:\/\/www.tdh-valais.ch\/de\/patenschaft-la-maison\/#primaryimage","url":"https:\/\/www.tdh-valais.ch\/wp-content\/uploads\/2023\/11\/couvert-bois-noir-2018-carre-300x300.jpeg","contentUrl":"https:\/\/www.tdh-valais.ch\/wp-content\/uploads\/2023\/11\/couvert-bois-noir-2018-carre-300x300.jpeg"},{"@type":"BreadcrumbList","@id":"https:\/\/www.tdh-valais.ch\/de\/patenschaft-la-maison\/#breadcrumb","itemListElement":[{"@type":"ListItem","position":1,"name":"Home","item":"https:\/\/www.tdh-valais.ch\/de\/"},{"@type":"ListItem","position":2,"name":"Werden Sie Pate von La Maison: Retten Sie Leben, bewirken Sie etwas"}]},{"@type":"WebSite","@id":"https:\/\/www.tdh-valais.ch\/#website","url":"https:\/\/www.tdh-valais.ch\/","name":"Maison de Terre des hommes","description":"La Maison de Terre des hommes \u00e0 Massongex est un home m\u00e9dicalis\u00e9 qui accueilles des enfants malades venus se faire soigner en Suisse.","publisher":{"@id":"https:\/\/www.tdh-valais.ch\/#organization"},"potentialAction":[{"@type":"SearchAction","target":{"@type":"EntryPoint","urlTemplate":"https:\/\/www.tdh-valais.ch\/?s={search_term_string}"},"query-input":{"@type":"PropertyValueSpecification","valueRequired":true,"valueName":"search_term_string"}}],"inLanguage":"de"},{"@type":"Organization","@id":"https:\/\/www.tdh-valais.ch\/#organization","name":"Maison de Terre des hommes Valais","url":"https:\/\/www.tdh-valais.ch\/","logo":{"@type":"ImageObject","inLanguage":"de","@id":"https:\/\/www.tdh-valais.ch\/#\/schema\/logo\/image\/","url":"https:\/\/www.tdh-valais.ch\/wp-content\/uploads\/2019\/09\/logo.png","contentUrl":"https:\/\/www.tdh-valais.ch\/wp-content\/uploads\/2019\/09\/logo.png","width":165,"height":104,"caption":"Maison de Terre des hommes Valais"},"image":{"@id":"https:\/\/www.tdh-valais.ch\/#\/schema\/logo\/image\/"}}]}},"_links":{"self":[{"href":"https:\/\/www.tdh-valais.ch\/de\/wp-json\/wp\/v2\/pages\/13122","targetHints":{"allow":["GET"]}}],"collection":[{"href":"https:\/\/www.tdh-valais.ch\/de\/wp-json\/wp\/v2\/pages"}],"about":[{"href":"https:\/\/www.tdh-valais.ch\/de\/wp-json\/wp\/v2\/types\/page"}],"author":[{"embeddable":true,"href":"https:\/\/www.tdh-valais.ch\/de\/wp-json\/wp\/v2\/users\/2"}],"replies":[{"embeddable":true,"href":"https:\/\/www.tdh-valais.ch\/de\/wp-json\/wp\/v2\/comments?post=13122"}],"version-history":[{"count":4,"href":"https:\/\/www.tdh-valais.ch\/de\/wp-json\/wp\/v2\/pages\/13122\/revisions"}],"predecessor-version":[{"id":13138,"href":"https:\/\/www.tdh-valais.ch\/de\/wp-json\/wp\/v2\/pages\/13122\/revisions\/13138"}],"wp:attachment":[{"href":"https:\/\/www.tdh-valais.ch\/de\/wp-json\/wp\/v2\/media?parent=13122"}],"curies":[{"name":"wp","href":"https:\/\/api.w.org\/{rel}","templated":true}]}}