{"id":12007,"date":"2025-04-21T16:52:19","date_gmt":"2025-04-21T14:52:19","guid":{"rendered":"https:\/\/www.tdh-valais.ch\/follow-up\/"},"modified":"2025-04-29T16:03:20","modified_gmt":"2025-04-29T14:03:20","slug":"nachsorge","status":"publish","type":"page","link":"https:\/\/www.tdh-valais.ch\/de\/nachsorge\/","title":{"rendered":"Nachsorge f\u00fcr Kinder"},"content":{"rendered":"\n<p>Die Aufgabe von <a href=\"https:\/\/www.tdh-valais.ch\/de\/la-maison\/\">La Maison<\/a> besteht darin, in Massongex Kinder aufzunehmen, die von verschiedenen Partnern in die Schweiz gebracht werden. Es handelt sich meist um Kinder aus Afrika, die sich einer Operation, vor allem einer Herzoperation, unterziehen m\u00fcssen. Die Betreuung der Kinder in ihren Herkunftsl\u00e4ndern und ihre Nachsorge vor Ort werden an unsere Partner delegiert.<\/p>\n\n\n\n<h2 class=\"wp-block-heading has-medium-font-size\" id=\"h-die-partner-von-la-maison-und-ihre-prasenz-in-den-landern\"><strong><strong><strong>Die Partner von La Maison und ihre Pr\u00e4senz in den L\u00e4ndern<\/strong><\/strong><\/strong><\/h2>\n\n\n\n<ul class=\"wp-block-list\">\n<li><a href=\"https:\/\/mecenat-cardiaque.org\/en\/\" target=\"_blank\" rel=\"noreferrer noopener\">M\u00e9c\u00e9nat Chirurgie Cardiaque<\/a>: Afrika, Syrien<\/li>\n\n\n\n<li><a href=\"https:\/\/www.sentinelles.org\/de\/\" target=\"_blank\" rel=\"noreferrer noopener\">Sentinelles<\/a>: Burkina Faso, Madagaskar, Niger, Senegal<\/li>\n\n\n\n<li><a href=\"https:\/\/www.chancecoeur.ch\/\" target=\"_blank\" rel=\"noreferrer noopener\">Une chance, un c\u0153ur<\/a>: Afrika<\/li>\n\n\n\n<li><a href=\"https:\/\/fondationcea.ch\/\" target=\"_blank\" rel=\"noreferrer noopener\">Chirurgie pour l\u2019Enfance Africaine<\/a>: Benin, Togo<\/li>\n<\/ul>\n\n\n\n<h2 class=\"wp-block-heading has-medium-font-size\" id=\"h-nachsorge-der-vor-2023-operierten-kinder-durch-die-stiftung-terre-des-hommes-mit-sitz-in-lausanne\"><strong><strong><strong>Nachsorge der vor 2023 operierten Kinder durch die Stiftung Terre des hommes mit Sitz in Lausanne<\/strong><\/strong><\/strong><\/h2>\n\n\n\n<p>Die Stiftung Terre des hommes Lausanne (<a href=\"https:\/\/www.tdh.org\/de\" target=\"_blank\" rel=\"noreferrer noopener\">www.tdh.ch<\/a>), ehemalige Partnerorganisation der Stiftung Terre des hommes Valais von 1963 bis 2022, ist der Auffassung, dass sie eine Verantwortung f\u00fcr die in diesen Jahren operierten Kinder tr\u00e4gt. Aus diesem Grund hat sie eine Struktur eingerichtet, die die Nachsorge dieser F\u00e4lle \u00fcbernimmt. Einige unverzichtbare Operationen k\u00f6nnen im Senegal oder in Marokko durchgef\u00fchrt werden, andere in der Schweiz. Jede Situation ist anders.<\/p>\n\n\n\n<p>Sie k\u00f6nnen per E-Mail Kontakt aufnehmen: <a href=\"mailto:soins@tdh.org\" target=\"_blank\" rel=\"noreferrer noopener\">soins@tdh.org<\/a><\/p>\n","protected":false},"excerpt":{"rendered":"<p>Die Aufgabe von La Maison besteht darin, in Massongex Kinder aufzunehmen, die von verschiedenen Partnern in die Schweiz gebracht werden. Es handelt sich meist um Kinder aus Afrika, die sich einer Operation, vor allem einer Herzoperation, unterziehen m\u00fcssen. Die Betreuung der Kinder in ihren Herkunftsl\u00e4ndern und ihre Nachsorge vor Ort werden an unsere Partner delegiert. [&hellip;]<\/p>\n","protected":false},"author":9,"featured_media":0,"parent":0,"menu_order":0,"comment_status":"closed","ping_status":"closed","template":"","meta":{"_acf_changed":false,"footnotes":""},"class_list":["post-12007","page","type-page","status-publish","hentry"],"acf":[],"yoast_head":"<!-- This site is optimized with the Yoast SEO Premium plugin v27.4 (Yoast SEO v27.4) - https:\/\/yoast.com\/product\/yoast-seo-premium-wordpress\/ -->\n<title>Nachsorge f\u00fcr Kinder<\/title>\n<meta name=\"description\" content=\"Unsere Aufgabe ist es, kranke Kinder aufzunehmen. Die Betreuung und Nachsorge wird an unsere Partner delegiert.\" \/>\n<meta name=\"robots\" content=\"index, follow, max-snippet:-1, max-image-preview:large, max-video-preview:-1\" \/>\n<link rel=\"canonical\" href=\"https:\/\/www.tdh-valais.ch\/de\/nachsorge\/\" \/>\n<meta property=\"og:locale\" content=\"de_DE\" \/>\n<meta property=\"og:type\" content=\"article\" \/>\n<meta property=\"og:title\" content=\"Nachsorge f\u00fcr Kinder\" \/>\n<meta property=\"og:description\" content=\"Unsere Aufgabe ist es, kranke Kinder aufzunehmen. Die Betreuung und Nachsorge wird an unsere Partner delegiert.\" \/>\n<meta property=\"og:url\" content=\"https:\/\/www.tdh-valais.ch\/de\/nachsorge\/\" \/>\n<meta property=\"og:site_name\" content=\"Maison de Terre des hommes\" \/>\n<meta property=\"article:modified_time\" content=\"2025-04-29T14:03:20+00:00\" \/>\n<meta name=\"twitter:card\" content=\"summary_large_image\" \/>\n<meta name=\"twitter:label1\" content=\"Gesch\u00e4tzte Lesezeit\" \/>\n\t<meta name=\"twitter:data1\" content=\"1\u00a0Minute\" \/>\n<script type=\"application\/ld+json\" class=\"yoast-schema-graph\">{\"@context\":\"https:\\\/\\\/schema.org\",\"@graph\":[{\"@type\":\"WebPage\",\"@id\":\"https:\\\/\\\/www.tdh-valais.ch\\\/de\\\/nachsorge\\\/\",\"url\":\"https:\\\/\\\/www.tdh-valais.ch\\\/de\\\/nachsorge\\\/\",\"name\":\"Nachsorge f\u00fcr Kinder\",\"isPartOf\":{\"@id\":\"https:\\\/\\\/www.tdh-valais.ch\\\/#website\"},\"datePublished\":\"2025-04-21T14:52:19+00:00\",\"dateModified\":\"2025-04-29T14:03:20+00:00\",\"description\":\"Unsere Aufgabe ist es, kranke Kinder aufzunehmen. Die Betreuung und Nachsorge wird an unsere Partner delegiert.\",\"breadcrumb\":{\"@id\":\"https:\\\/\\\/www.tdh-valais.ch\\\/de\\\/nachsorge\\\/#breadcrumb\"},\"inLanguage\":\"de\",\"potentialAction\":[{\"@type\":\"ReadAction\",\"target\":[\"https:\\\/\\\/www.tdh-valais.ch\\\/de\\\/nachsorge\\\/\"]}]},{\"@type\":\"BreadcrumbList\",\"@id\":\"https:\\\/\\\/www.tdh-valais.ch\\\/de\\\/nachsorge\\\/#breadcrumb\",\"itemListElement\":[{\"@type\":\"ListItem\",\"position\":1,\"name\":\"Home\",\"item\":\"https:\\\/\\\/www.tdh-valais.ch\\\/de\\\/\"},{\"@type\":\"ListItem\",\"position\":2,\"name\":\"Nachsorge f\u00fcr Kinder\"}]},{\"@type\":\"WebSite\",\"@id\":\"https:\\\/\\\/www.tdh-valais.ch\\\/#website\",\"url\":\"https:\\\/\\\/www.tdh-valais.ch\\\/\",\"name\":\"Maison de Terre des hommes\",\"description\":\"La Maison de Terre des hommes \u00e0 Massongex est un home m\u00e9dicalis\u00e9 qui accueilles des enfants malades venus se faire soigner en Suisse.\",\"publisher\":{\"@id\":\"https:\\\/\\\/www.tdh-valais.ch\\\/#organization\"},\"potentialAction\":[{\"@type\":\"SearchAction\",\"target\":{\"@type\":\"EntryPoint\",\"urlTemplate\":\"https:\\\/\\\/www.tdh-valais.ch\\\/?s={search_term_string}\"},\"query-input\":{\"@type\":\"PropertyValueSpecification\",\"valueRequired\":true,\"valueName\":\"search_term_string\"}}],\"inLanguage\":\"de\"},{\"@type\":\"Organization\",\"@id\":\"https:\\\/\\\/www.tdh-valais.ch\\\/#organization\",\"name\":\"Maison de Terre des hommes Valais\",\"url\":\"https:\\\/\\\/www.tdh-valais.ch\\\/\",\"logo\":{\"@type\":\"ImageObject\",\"inLanguage\":\"de\",\"@id\":\"https:\\\/\\\/www.tdh-valais.ch\\\/#\\\/schema\\\/logo\\\/image\\\/\",\"url\":\"https:\\\/\\\/www.tdh-valais.ch\\\/wp-content\\\/uploads\\\/2019\\\/09\\\/logo.png\",\"contentUrl\":\"https:\\\/\\\/www.tdh-valais.ch\\\/wp-content\\\/uploads\\\/2019\\\/09\\\/logo.png\",\"width\":165,\"height\":104,\"caption\":\"Maison de Terre des hommes Valais\"},\"image\":{\"@id\":\"https:\\\/\\\/www.tdh-valais.ch\\\/#\\\/schema\\\/logo\\\/image\\\/\"}}]}<\/script>\n<!-- \/ Yoast SEO Premium plugin. -->","yoast_head_json":{"title":"Nachsorge f\u00fcr Kinder","description":"Unsere Aufgabe ist es, kranke Kinder aufzunehmen. Die Betreuung und Nachsorge wird an unsere Partner delegiert.","robots":{"index":"index","follow":"follow","max-snippet":"max-snippet:-1","max-image-preview":"max-image-preview:large","max-video-preview":"max-video-preview:-1"},"canonical":"https:\/\/www.tdh-valais.ch\/de\/nachsorge\/","og_locale":"de_DE","og_type":"article","og_title":"Nachsorge f\u00fcr Kinder","og_description":"Unsere Aufgabe ist es, kranke Kinder aufzunehmen. Die Betreuung und Nachsorge wird an unsere Partner delegiert.","og_url":"https:\/\/www.tdh-valais.ch\/de\/nachsorge\/","og_site_name":"Maison de Terre des hommes","article_modified_time":"2025-04-29T14:03:20+00:00","twitter_card":"summary_large_image","twitter_misc":{"Gesch\u00e4tzte Lesezeit":"1\u00a0Minute"},"schema":{"@context":"https:\/\/schema.org","@graph":[{"@type":"WebPage","@id":"https:\/\/www.tdh-valais.ch\/de\/nachsorge\/","url":"https:\/\/www.tdh-valais.ch\/de\/nachsorge\/","name":"Nachsorge f\u00fcr Kinder","isPartOf":{"@id":"https:\/\/www.tdh-valais.ch\/#website"},"datePublished":"2025-04-21T14:52:19+00:00","dateModified":"2025-04-29T14:03:20+00:00","description":"Unsere Aufgabe ist es, kranke Kinder aufzunehmen. Die Betreuung und Nachsorge wird an unsere Partner delegiert.","breadcrumb":{"@id":"https:\/\/www.tdh-valais.ch\/de\/nachsorge\/#breadcrumb"},"inLanguage":"de","potentialAction":[{"@type":"ReadAction","target":["https:\/\/www.tdh-valais.ch\/de\/nachsorge\/"]}]},{"@type":"BreadcrumbList","@id":"https:\/\/www.tdh-valais.ch\/de\/nachsorge\/#breadcrumb","itemListElement":[{"@type":"ListItem","position":1,"name":"Home","item":"https:\/\/www.tdh-valais.ch\/de\/"},{"@type":"ListItem","position":2,"name":"Nachsorge f\u00fcr Kinder"}]},{"@type":"WebSite","@id":"https:\/\/www.tdh-valais.ch\/#website","url":"https:\/\/www.tdh-valais.ch\/","name":"Maison de Terre des hommes","description":"La Maison de Terre des hommes \u00e0 Massongex est un home m\u00e9dicalis\u00e9 qui accueilles des enfants malades venus se faire soigner en Suisse.","publisher":{"@id":"https:\/\/www.tdh-valais.ch\/#organization"},"potentialAction":[{"@type":"SearchAction","target":{"@type":"EntryPoint","urlTemplate":"https:\/\/www.tdh-valais.ch\/?s={search_term_string}"},"query-input":{"@type":"PropertyValueSpecification","valueRequired":true,"valueName":"search_term_string"}}],"inLanguage":"de"},{"@type":"Organization","@id":"https:\/\/www.tdh-valais.ch\/#organization","name":"Maison de Terre des hommes Valais","url":"https:\/\/www.tdh-valais.ch\/","logo":{"@type":"ImageObject","inLanguage":"de","@id":"https:\/\/www.tdh-valais.ch\/#\/schema\/logo\/image\/","url":"https:\/\/www.tdh-valais.ch\/wp-content\/uploads\/2019\/09\/logo.png","contentUrl":"https:\/\/www.tdh-valais.ch\/wp-content\/uploads\/2019\/09\/logo.png","width":165,"height":104,"caption":"Maison de Terre des hommes Valais"},"image":{"@id":"https:\/\/www.tdh-valais.ch\/#\/schema\/logo\/image\/"}}]}},"_links":{"self":[{"href":"https:\/\/www.tdh-valais.ch\/de\/wp-json\/wp\/v2\/pages\/12007","targetHints":{"allow":["GET"]}}],"collection":[{"href":"https:\/\/www.tdh-valais.ch\/de\/wp-json\/wp\/v2\/pages"}],"about":[{"href":"https:\/\/www.tdh-valais.ch\/de\/wp-json\/wp\/v2\/types\/page"}],"author":[{"embeddable":true,"href":"https:\/\/www.tdh-valais.ch\/de\/wp-json\/wp\/v2\/users\/9"}],"replies":[{"embeddable":true,"href":"https:\/\/www.tdh-valais.ch\/de\/wp-json\/wp\/v2\/comments?post=12007"}],"version-history":[{"count":1,"href":"https:\/\/www.tdh-valais.ch\/de\/wp-json\/wp\/v2\/pages\/12007\/revisions"}],"predecessor-version":[{"id":12009,"href":"https:\/\/www.tdh-valais.ch\/de\/wp-json\/wp\/v2\/pages\/12007\/revisions\/12009"}],"wp:attachment":[{"href":"https:\/\/www.tdh-valais.ch\/de\/wp-json\/wp\/v2\/media?parent=12007"}],"curies":[{"name":"wp","href":"https:\/\/api.w.org\/{rel}","templated":true}]}}